{"id":10061,"date":"2023-07-08T21:02:16","date_gmt":"2023-07-08T21:02:16","guid":{"rendered":"https:\/\/conexoesamazonicas.org\/?page_id=10061"},"modified":"2024-04-04T14:46:32","modified_gmt":"2024-04-04T14:46:32","slug":"equipe","status":"publish","type":"page","link":"https:\/\/conexoesamazonicas.org\/en\/equipe\/","title":{"rendered":"Equipe"},"content":{"rendered":"<div data-elementor-type=\"wp-page\" data-elementor-id=\"10061\" class=\"elementor elementor-10061\">\n\t\t\t\t\t\t<section class=\"elementor-section elementor-top-section elementor-element elementor-element-5309434 elementor-section-boxed elementor-section-height-default elementor-section-height-default\" data-id=\"5309434\" data-element_type=\"section\" data-e-type=\"section\">\n\t\t\t\t\t\t<div class=\"elementor-container elementor-column-gap-default\">\n\t\t\t\t\t<div class=\"elementor-column elementor-col-100 elementor-top-column elementor-element elementor-element-59ef815\" data-id=\"59ef815\" data-element_type=\"column\" data-e-type=\"column\">\n\t\t\t<div class=\"elementor-widget-wrap elementor-element-populated\">\n\t\t\t\t\t\t<div class=\"elementor-element elementor-element-e1ec5d1 elementor-widget elementor-widget-spacer\" data-id=\"e1ec5d1\" data-element_type=\"widget\" data-e-type=\"widget\" data-widget_type=\"spacer.default\">\n\t\t\t\t<div class=\"elementor-widget-container\">\n\t\t\t\t\t\t\t<div class=\"elementor-spacer\">\n\t\t\t<div class=\"elementor-spacer-inner\"><\/div>\n\t\t<\/div>\n\t\t\t\t\t\t<\/div>\n\t\t\t\t<\/div>\n\t\t\t\t<div class=\"elementor-element elementor-element-29ace32 elementor-widget elementor-widget-heading\" data-id=\"29ace32\" data-element_type=\"widget\" data-e-type=\"widget\" data-widget_type=\"heading.default\">\n\t\t\t\t<div class=\"elementor-widget-container\">\n\t\t\t\t\t<h1 class=\"elementor-heading-title elementor-size-default\">Our team<\/h1>\t\t\t\t<\/div>\n\t\t\t\t<\/div>\n\t\t\t\t<div class=\"elementor-element elementor-element-953899a elementor-widget elementor-widget-text-editor\" data-id=\"953899a\" data-element_type=\"widget\" data-e-type=\"widget\" data-widget_type=\"text-editor.default\">\n\t\t\t\t<div class=\"elementor-widget-container\">\n\t\t\t\t\t\t\t\t\t<p data-elementor-setting-key=\"title\" data-pen-placeholder=\"Digite aqui...\">Nossa equipe \u00e9 multidisciplinar, composta por pessoas de diferentes \u00e1reas do conhecimento. S\u00e3o profissionais que atuam nas \u00e1reas de ci\u00eancias biol\u00f3gicas, ci\u00eancias sociais, comunica\u00e7\u00e3o social, educa\u00e7\u00e3o e recursos h\u00eddricos.<\/p><p data-elementor-setting-key=\"title\" data-pen-placeholder=\"Digite aqui...\">A Rede Conex\u00f5es Amaz\u00f4nicas \u00e9 composta por s\u00f3cios(as) engajados(as) e volunt\u00e1rios(as). Saiba mais sobre a estrutura\u00e7\u00e3o e a fun\u00e7\u00e3o de cada integrante da nossa equipe em nosso estatuto e\u00a0organograma.<\/p>\t\t\t\t\t\t\t\t<\/div>\n\t\t\t\t<\/div>\n\t\t\t\t<div class=\"elementor-element elementor-element-4848e4a elementor-widget elementor-widget-image\" data-id=\"4848e4a\" data-element_type=\"widget\" data-e-type=\"widget\" data-widget_type=\"image.default\">\n\t\t\t\t<div class=\"elementor-widget-container\">\n\t\t\t\t\t\t\t\t\t\t\t\t\t\t\t<img fetchpriority=\"high\" decoding=\"async\" width=\"1024\" height=\"768\" src=\"https:\/\/conexoesamazonicas.org\/wp-content\/uploads\/2023\/07\/Organograma.png\" class=\"attachment-large size-large wp-image-10311\" alt=\"\" srcset=\"https:\/\/conexoesamazonicas.org\/wp-content\/uploads\/2023\/07\/Organograma.png 1024w, https:\/\/conexoesamazonicas.org\/wp-content\/uploads\/2023\/07\/Organograma-300x225.png 300w, https:\/\/conexoesamazonicas.org\/wp-content\/uploads\/2023\/07\/Organograma-768x576.png 768w, https:\/\/conexoesamazonicas.org\/wp-content\/uploads\/2023\/07\/Organograma-16x12.png 16w, https:\/\/conexoesamazonicas.org\/wp-content\/uploads\/2023\/07\/Organograma-1000x750.png 1000w, https:\/\/conexoesamazonicas.org\/wp-content\/uploads\/2023\/07\/Organograma-230x173.png 230w, https:\/\/conexoesamazonicas.org\/wp-content\/uploads\/2023\/07\/Organograma-350x263.png 350w, https:\/\/conexoesamazonicas.org\/wp-content\/uploads\/2023\/07\/Organograma-480x360.png 480w, https:\/\/conexoesamazonicas.org\/wp-content\/uploads\/2023\/07\/Organograma-36x27.png 36w, https:\/\/conexoesamazonicas.org\/wp-content\/uploads\/2023\/07\/Organograma-48x36.png 48w\" sizes=\"(max-width: 1024px) 100vw, 1024px\" \/>\t\t\t\t\t\t\t\t\t\t\t\t\t\t\t<\/div>\n\t\t\t\t<\/div>\n\t\t\t\t<div class=\"elementor-element elementor-element-7edaa61 elementor-widget elementor-widget-spacer\" data-id=\"7edaa61\" data-element_type=\"widget\" data-e-type=\"widget\" data-widget_type=\"spacer.default\">\n\t\t\t\t<div class=\"elementor-widget-container\">\n\t\t\t\t\t\t\t<div class=\"elementor-spacer\">\n\t\t\t<div class=\"elementor-spacer-inner\"><\/div>\n\t\t<\/div>\n\t\t\t\t\t\t<\/div>\n\t\t\t\t<\/div>\n\t\t\t\t<div class=\"elementor-element elementor-element-463cce3 elementor-widget elementor-widget-toggle\" data-id=\"463cce3\" data-element_type=\"widget\" data-e-type=\"widget\" data-widget_type=\"toggle.default\">\n\t\t\t\t<div class=\"elementor-widget-container\">\n\t\t\t\t\t\t\t<div class=\"elementor-toggle\">\n\t\t\t\t\t\t\t<div class=\"elementor-toggle-item\">\n\t\t\t\t\t<div id=\"elementor-tab-title-7361\" class=\"elementor-tab-title\" data-tab=\"1\" role=\"button\" aria-controls=\"elementor-tab-content-7361\" aria-expanded=\"false\">\n\t\t\t\t\t\t\t\t\t\t\t\t<span class=\"elementor-toggle-icon elementor-toggle-icon-left\" aria-hidden=\"true\">\n\t\t\t\t\t\t\t\t\t\t\t\t\t\t\t<span class=\"elementor-toggle-icon-closed\"><i class=\"fas fa-caret-right\"><\/i><\/span>\n\t\t\t\t\t\t\t\t<span class=\"elementor-toggle-icon-opened\"><i class=\"elementor-toggle-icon-opened fas fa-caret-up\"><\/i><\/span>\n\t\t\t\t\t\t\t\t\t\t\t\t\t<\/span>\n\t\t\t\t\t\t\t\t\t\t\t\t<a class=\"elementor-toggle-title\" tabindex=\"0\">Fundadores(as)<\/a>\n\t\t\t\t\t<\/div>\n\n\t\t\t\t\t<div id=\"elementor-tab-content-7361\" class=\"elementor-tab-content elementor-clearfix\" data-tab=\"1\" role=\"region\" aria-labelledby=\"elementor-tab-title-7361\"><p><span style=\"font-weight: 400;\">Adriana Moreira<\/span><\/p><p><span style=\"font-weight: 400;\">Alice Fassoni de Andrade<\/span><\/p><p><span style=\"font-weight: 400;\">Andr\u00e9 Luiz Netto Ferreira<\/span><\/p><p><span style=\"font-weight: 400;\">Arielli Fabr\u00edcio Machado<\/span><\/p><p><span style=\"font-weight: 400;\">Ayan Santos Fleischmann<\/span><\/p><p><span style=\"font-weight: 400;\">Bianca Darski Silva<\/span><\/p><p><span style=\"font-weight: 400;\">Filipe G. Ley Lindau<\/span><\/p><p><span style=\"font-weight: 400;\">J\u00falia Menin<\/span><\/p><p><span style=\"font-weight: 400;\">J\u00fanior Chuctaya<\/span><\/p><p><span style=\"font-weight: 400;\">Karina Nymara Brito Ribeiro<\/span><\/p><p><span style=\"font-weight: 400;\">Let\u00edcia Uzun Fleischmann<\/span><\/p><p><span style=\"font-weight: 400;\">Maycom Douglas Ferreira do Nascimento<\/span><\/p><p><span style=\"font-weight: 400;\">Renata Bar\u00e3o Rossoni<\/span><\/p><p><span style=\"font-weight: 400;\">Tiago Santos<\/span><\/p><\/div>\n\t\t\t\t<\/div>\n\t\t\t\t\t\t\t<div class=\"elementor-toggle-item\">\n\t\t\t\t\t<div id=\"elementor-tab-title-7362\" class=\"elementor-tab-title\" data-tab=\"2\" role=\"button\" aria-controls=\"elementor-tab-content-7362\" aria-expanded=\"false\">\n\t\t\t\t\t\t\t\t\t\t\t\t<span class=\"elementor-toggle-icon elementor-toggle-icon-left\" aria-hidden=\"true\">\n\t\t\t\t\t\t\t\t\t\t\t\t\t\t\t<span class=\"elementor-toggle-icon-closed\"><i class=\"fas fa-caret-right\"><\/i><\/span>\n\t\t\t\t\t\t\t\t<span class=\"elementor-toggle-icon-opened\"><i class=\"elementor-toggle-icon-opened fas fa-caret-up\"><\/i><\/span>\n\t\t\t\t\t\t\t\t\t\t\t\t\t<\/span>\n\t\t\t\t\t\t\t\t\t\t\t\t<a class=\"elementor-toggle-title\" tabindex=\"0\">S\u00f3cios(as) engajados(as)<\/a>\n\t\t\t\t\t<\/div>\n\n\t\t\t\t\t<div id=\"elementor-tab-content-7362\" class=\"elementor-tab-content elementor-clearfix\" data-tab=\"2\" role=\"region\" aria-labelledby=\"elementor-tab-title-7362\"><p><span style=\"font-weight: 400;\">Alice Fassoni de Andrade<\/span><\/p><p>Arielli Fabr\u00edcio Machado<\/p><p><span style=\"font-weight: 400;\">Ayan Santos Fleischmann<\/span><\/p><p><span style=\"font-weight: 400;\">Bianca Darski Silva<\/span><\/p><p>Let\u00edcia Uzun Fleischmann<\/p><p><span style=\"font-weight: 400;\">Luana Basso<\/span><\/p><p>Paulo Pontes<\/p><p><span style=\"font-weight: 400;\">Rosane Cavalcante<\/span><\/p><\/div>\n\t\t\t\t<\/div>\n\t\t\t\t\t\t\t<div class=\"elementor-toggle-item\">\n\t\t\t\t\t<div id=\"elementor-tab-title-7363\" class=\"elementor-tab-title\" data-tab=\"3\" role=\"button\" aria-controls=\"elementor-tab-content-7363\" aria-expanded=\"false\">\n\t\t\t\t\t\t\t\t\t\t\t\t<span class=\"elementor-toggle-icon elementor-toggle-icon-left\" aria-hidden=\"true\">\n\t\t\t\t\t\t\t\t\t\t\t\t\t\t\t<span class=\"elementor-toggle-icon-closed\"><i class=\"fas fa-caret-right\"><\/i><\/span>\n\t\t\t\t\t\t\t\t<span class=\"elementor-toggle-icon-opened\"><i class=\"elementor-toggle-icon-opened fas fa-caret-up\"><\/i><\/span>\n\t\t\t\t\t\t\t\t\t\t\t\t\t<\/span>\n\t\t\t\t\t\t\t\t\t\t\t\t<a class=\"elementor-toggle-title\" tabindex=\"0\">Volunt\u00e1rios(as)<\/a>\n\t\t\t\t\t<\/div>\n\n\t\t\t\t\t<div id=\"elementor-tab-content-7363\" class=\"elementor-tab-content elementor-clearfix\" data-tab=\"3\" role=\"region\" aria-labelledby=\"elementor-tab-title-7363\"><p>Linha Administrativa:<\/p>\n<ul>\n<li>Matheus Os\u00f3rio<\/li>\n<li>Daniel Saavedra Griott<\/li>\n<\/ul>\n<p>Linha Editorial:<\/p>\n<ul>\n<li>Andr\u00e9ia Corazzini<\/li><li>Ta\u00edna Martins Magalh\u00e3es<\/li>\n<\/ul><\/div>\n\t\t\t\t<\/div>\n\t\t\t\t\t\t\t<div class=\"elementor-toggle-item\">\n\t\t\t\t\t<div id=\"elementor-tab-title-7364\" class=\"elementor-tab-title\" data-tab=\"4\" role=\"button\" aria-controls=\"elementor-tab-content-7364\" aria-expanded=\"false\">\n\t\t\t\t\t\t\t\t\t\t\t\t<span class=\"elementor-toggle-icon elementor-toggle-icon-left\" aria-hidden=\"true\">\n\t\t\t\t\t\t\t\t\t\t\t\t\t\t\t<span class=\"elementor-toggle-icon-closed\"><i class=\"fas fa-caret-right\"><\/i><\/span>\n\t\t\t\t\t\t\t\t<span class=\"elementor-toggle-icon-opened\"><i class=\"elementor-toggle-icon-opened fas fa-caret-up\"><\/i><\/span>\n\t\t\t\t\t\t\t\t\t\t\t\t\t<\/span>\n\t\t\t\t\t\t\t\t\t\t\t\t<a class=\"elementor-toggle-title\" tabindex=\"0\">Quem j\u00e1 conectou<\/a>\n\t\t\t\t\t<\/div>\n\n\t\t\t\t\t<div id=\"elementor-tab-content-7364\" class=\"elementor-tab-content elementor-clearfix\" data-tab=\"4\" role=\"region\" aria-labelledby=\"elementor-tab-title-7364\"><p><span style=\"font-weight: 400;\">Adriano Premebida<\/span><\/p><p>Andr\u00e9 Luiz Netto Ferreira<\/p><div><p>Aline Radaelli<\/p><\/div><p><span style=\"font-weight: 400;\">Camila da Silva Flores<\/span><\/p><p><span style=\"font-weight: 400;\">Elo\u00edsa Beling Loose<\/span><\/p><p><span style=\"font-weight: 400;\">Felipe Gaudie Ley Lindau<\/span><\/p><p><span style=\"font-weight: 400;\">Gabriel Borba<\/span><\/p><p><span style=\"font-weight: 400;\">Ilza Maria Tourinho Girardi<\/span><\/p><p>J\u00falia Menin<\/p><p><span style=\"font-weight: 400;\">J\u00fanior Chuctaya<\/span><\/p><p>Karina Nymara Brito Ribeiro<\/p><p>Maycom Douglas Ferreira do Nascimento<\/p><p><span style=\"font-weight: 400;\">Paula Evelyn Rubira Pereyra<\/span><\/p><p>Rafael Bisso Machado<\/p><p>Rafael Souza Reis<\/p><p><span style=\"font-weight: 400;\">Ra\u00edssa de Deus Genro<\/span><\/p><p>Renata Bar\u00e3o Rossoni<\/p><p><span style=\"font-weight: 400;\">Renato Azevedo Matias Silvano<\/span><\/p><p><span style=\"font-weight: 400;\">Rodrigo Cauduro Dias de Paiva<\/span><\/p><p><span style=\"font-weight: 400;\">Tiago Santos<\/span><\/p><\/div>\n\t\t\t\t<\/div>\n\t\t\t\t\t\t\t\t<\/div>\n\t\t\t\t\t\t<\/div>\n\t\t\t\t<\/div>\n\t\t\t\t<div class=\"elementor-element elementor-element-8a4e183 elementor-widget elementor-widget-image\" data-id=\"8a4e183\" data-element_type=\"widget\" data-e-type=\"widget\" data-widget_type=\"image.default\">\n\t\t\t\t<div class=\"elementor-widget-container\">\n\t\t\t\t\t\t\t\t\t\t\t\t\t\t\t<img decoding=\"async\" width=\"300\" height=\"200\" src=\"https:\/\/conexoesamazonicas.org\/wp-content\/uploads\/2023\/07\/Logo-Conexoes-horizontal-300x200.png\" class=\"attachment-medium size-medium wp-image-10162\" alt=\"\" srcset=\"https:\/\/conexoesamazonicas.org\/wp-content\/uploads\/2023\/07\/Logo-Conexoes-horizontal-300x200.png 300w, https:\/\/conexoesamazonicas.org\/wp-content\/uploads\/2023\/07\/Logo-Conexoes-horizontal-1024x682.png 1024w, https:\/\/conexoesamazonicas.org\/wp-content\/uploads\/2023\/07\/Logo-Conexoes-horizontal-768x512.png 768w, https:\/\/conexoesamazonicas.org\/wp-content\/uploads\/2023\/07\/Logo-Conexoes-horizontal-1536x1024.png 1536w, https:\/\/conexoesamazonicas.org\/wp-content\/uploads\/2023\/07\/Logo-Conexoes-horizontal-18x12.png 18w, https:\/\/conexoesamazonicas.org\/wp-content\/uploads\/2023\/07\/Logo-Conexoes-horizontal-1000x666.png 1000w, https:\/\/conexoesamazonicas.org\/wp-content\/uploads\/2023\/07\/Logo-Conexoes-horizontal-230x153.png 230w, https:\/\/conexoesamazonicas.org\/wp-content\/uploads\/2023\/07\/Logo-Conexoes-horizontal-350x233.png 350w, https:\/\/conexoesamazonicas.org\/wp-content\/uploads\/2023\/07\/Logo-Conexoes-horizontal-480x320.png 480w, https:\/\/conexoesamazonicas.org\/wp-content\/uploads\/2023\/07\/Logo-Conexoes-horizontal-36x24.png 36w, https:\/\/conexoesamazonicas.org\/wp-content\/uploads\/2023\/07\/Logo-Conexoes-horizontal-48x32.png 48w, https:\/\/conexoesamazonicas.org\/wp-content\/uploads\/2023\/07\/Logo-Conexoes-horizontal.png 1772w\" sizes=\"(max-width: 300px) 100vw, 300px\" \/>\t\t\t\t\t\t\t\t\t\t\t\t\t\t\t<\/div>\n\t\t\t\t<\/div>\n\t\t\t\t\t<\/div>\n\t\t<\/div>\n\t\t\t\t\t<\/div>\n\t\t<\/section>\n\t\t\t\t<\/div>","protected":false},"excerpt":{"rendered":"<p>Nossa equipe Nossa equipe \u00e9 multidisciplinar, composta por pessoas de diferentes \u00e1reas do conhecimento. S\u00e3o profissionais que atuam nas \u00e1reas de ci\u00eancias biol\u00f3gicas, ci\u00eancias sociais, comunica\u00e7\u00e3o social, educa\u00e7\u00e3o e recursos h\u00eddricos. A Rede Conex\u00f5es Amaz\u00f4nicas \u00e9 composta por s\u00f3cios(as) engajados(as) [&hellip;]<\/p>\n","protected":false},"author":3,"featured_media":0,"parent":0,"menu_order":0,"comment_status":"closed","ping_status":"closed","template":"","meta":{"footnotes":""},"class_list":["post-10061","page","type-page","status-publish","hentry"],"aioseo_notices":[],"_links":{"self":[{"href":"https:\/\/conexoesamazonicas.org\/en\/wp-json\/wp\/v2\/pages\/10061","targetHints":{"allow":["GET"]}}],"collection":[{"href":"https:\/\/conexoesamazonicas.org\/en\/wp-json\/wp\/v2\/pages"}],"about":[{"href":"https:\/\/conexoesamazonicas.org\/en\/wp-json\/wp\/v2\/types\/page"}],"author":[{"embeddable":true,"href":"https:\/\/conexoesamazonicas.org\/en\/wp-json\/wp\/v2\/users\/3"}],"replies":[{"embeddable":true,"href":"https:\/\/conexoesamazonicas.org\/en\/wp-json\/wp\/v2\/comments?post=10061"}],"version-history":[{"count":94,"href":"https:\/\/conexoesamazonicas.org\/en\/wp-json\/wp\/v2\/pages\/10061\/revisions"}],"predecessor-version":[{"id":12179,"href":"https:\/\/conexoesamazonicas.org\/en\/wp-json\/wp\/v2\/pages\/10061\/revisions\/12179"}],"wp:attachment":[{"href":"https:\/\/conexoesamazonicas.org\/en\/wp-json\/wp\/v2\/media?parent=10061"}],"curies":[{"name":"wp","href":"https:\/\/api.w.org\/{rel}","templated":true}]}}