{"id":10073,"date":"2023-07-09T00:29:45","date_gmt":"2023-07-09T00:29:45","guid":{"rendered":"https:\/\/conexoesamazonicas.org\/?page_id=10073"},"modified":"2023-07-17T10:42:12","modified_gmt":"2023-07-17T10:42:12","slug":"conecte-se-a-amazonia","status":"publish","type":"page","link":"https:\/\/conexoesamazonicas.org\/en\/conecte-se-a-amazonia\/","title":{"rendered":"Conecte-se \u00e0 Amaz\u00f4nia"},"content":{"rendered":"<div data-elementor-type=\"wp-page\" data-elementor-id=\"10073\" class=\"elementor elementor-10073\">\n\t\t\t\t\t\t<section class=\"elementor-section elementor-top-section elementor-element elementor-element-af3068b elementor-section-boxed elementor-section-height-default elementor-section-height-default\" data-id=\"af3068b\" data-element_type=\"section\" data-e-type=\"section\">\n\t\t\t\t\t\t<div class=\"elementor-container elementor-column-gap-default\">\n\t\t\t\t\t<div class=\"elementor-column elementor-col-100 elementor-top-column elementor-element elementor-element-0f97336\" data-id=\"0f97336\" data-element_type=\"column\" data-e-type=\"column\">\n\t\t\t<div class=\"elementor-widget-wrap elementor-element-populated\">\n\t\t\t\t\t\t<div class=\"elementor-element elementor-element-23852ec elementor-widget elementor-widget-spacer\" data-id=\"23852ec\" data-element_type=\"widget\" data-e-type=\"widget\" data-widget_type=\"spacer.default\">\n\t\t\t\t<div class=\"elementor-widget-container\">\n\t\t\t\t\t\t\t<div class=\"elementor-spacer\">\n\t\t\t<div class=\"elementor-spacer-inner\"><\/div>\n\t\t<\/div>\n\t\t\t\t\t\t<\/div>\n\t\t\t\t<\/div>\n\t\t\t\t<div class=\"elementor-element elementor-element-6bcadec elementor-widget elementor-widget-heading\" data-id=\"6bcadec\" data-element_type=\"widget\" data-e-type=\"widget\" data-widget_type=\"heading.default\">\n\t\t\t\t<div class=\"elementor-widget-container\">\n\t\t\t\t\t<h2 class=\"elementor-heading-title elementor-size-default\">Conecte-se \u00e0 Amaz\u00f4nia\u200b<\/h2>\t\t\t\t<\/div>\n\t\t\t\t<\/div>\n\t\t\t\t<div class=\"elementor-element elementor-element-6b514c7 elementor-widget elementor-widget-text-editor\" data-id=\"6b514c7\" data-element_type=\"widget\" data-e-type=\"widget\" data-widget_type=\"text-editor.default\">\n\t\t\t\t<div class=\"elementor-widget-container\">\n\t\t\t\t\t\t\t\t\t<p>Voc\u00ea pode colaborar com a Rede Conex\u00f5es Amaz\u00f4nicas das seguintes formas:<\/p>\t\t\t\t\t\t\t\t<\/div>\n\t\t\t\t<\/div>\n\t\t\t\t<section class=\"elementor-section elementor-inner-section elementor-element elementor-element-d5a6146 elementor-section-boxed elementor-section-height-default elementor-section-height-default\" data-id=\"d5a6146\" data-element_type=\"section\" data-e-type=\"section\">\n\t\t\t\t\t\t<div class=\"elementor-container elementor-column-gap-default\">\n\t\t\t\t\t<div class=\"elementor-column elementor-col-50 elementor-inner-column elementor-element elementor-element-7f4c3b2\" data-id=\"7f4c3b2\" data-element_type=\"column\" data-e-type=\"column\">\n\t\t\t<div class=\"elementor-widget-wrap elementor-element-populated\">\n\t\t\t\t\t\t<div class=\"elementor-element elementor-element-fc1a102 elementor-widget elementor-widget-text-editor\" data-id=\"fc1a102\" data-element_type=\"widget\" data-e-type=\"widget\" data-widget_type=\"text-editor.default\">\n\t\t\t\t<div class=\"elementor-widget-container\">\n\t\t\t\t\t\t\t\t\t<ul><li aria-level=\"1\">Torne-se volunt\u00e1rio(a) e atue diretamente em uma de nossas linhas de atua\u00e7\u00e3o.<\/li><\/ul>\t\t\t\t\t\t\t\t<\/div>\n\t\t\t\t<\/div>\n\t\t\t\t\t<\/div>\n\t\t<\/div>\n\t\t\t\t<div class=\"elementor-column elementor-col-50 elementor-inner-column elementor-element elementor-element-b8cb40a\" data-id=\"b8cb40a\" data-element_type=\"column\" data-e-type=\"column\">\n\t\t\t<div class=\"elementor-widget-wrap elementor-element-populated\">\n\t\t\t\t\t\t<div class=\"elementor-element elementor-element-9ecaa64 elementor-widget elementor-widget-text-editor\" data-id=\"9ecaa64\" data-element_type=\"widget\" data-e-type=\"widget\" data-widget_type=\"text-editor.default\">\n\t\t\t\t<div class=\"elementor-widget-container\">\n\t\t\t\t\t\t\t\t\t<p style=\"text-align: center;\">Entre em contato!<\/p>\t\t\t\t\t\t\t\t<\/div>\n\t\t\t\t<\/div>\n\t\t\t\t<div class=\"elementor-element elementor-element-2128ffb elementor-button-info elementor-align-center elementor-widget elementor-widget-button\" data-id=\"2128ffb\" data-element_type=\"widget\" data-e-type=\"widget\" data-widget_type=\"button.default\">\n\t\t\t\t<div class=\"elementor-widget-container\">\n\t\t\t\t\t\t\t\t\t<div class=\"elementor-button-wrapper\">\n\t\t\t\t\t<a class=\"elementor-button elementor-button-link elementor-size-sm\" href=\"#\">\n\t\t\t\t\t\t<span class=\"elementor-button-content-wrapper\">\n\t\t\t\t\t\t\t\t\t<span class=\"elementor-button-text\">Nosso e-mail<\/span>\n\t\t\t\t\t<\/span>\n\t\t\t\t\t<\/a>\n\t\t\t\t<\/div>\n\t\t\t\t\t\t\t\t<\/div>\n\t\t\t\t<\/div>\n\t\t\t\t\t<\/div>\n\t\t<\/div>\n\t\t\t\t\t<\/div>\n\t\t<\/section>\n\t\t\t\t<div class=\"elementor-element elementor-element-8f70bd1 elementor-widget-divider--view-line elementor-widget elementor-widget-divider\" data-id=\"8f70bd1\" data-element_type=\"widget\" data-e-type=\"widget\" data-widget_type=\"divider.default\">\n\t\t\t\t<div class=\"elementor-widget-container\">\n\t\t\t\t\t\t\t<div class=\"elementor-divider\">\n\t\t\t<span class=\"elementor-divider-separator\">\n\t\t\t\t\t\t<\/span>\n\t\t<\/div>\n\t\t\t\t\t\t<\/div>\n\t\t\t\t<\/div>\n\t\t\t\t<section class=\"elementor-section elementor-inner-section elementor-element elementor-element-70982a9 elementor-section-boxed elementor-section-height-default elementor-section-height-default\" data-id=\"70982a9\" data-element_type=\"section\" data-e-type=\"section\">\n\t\t\t\t\t\t<div class=\"elementor-container elementor-column-gap-default\">\n\t\t\t\t\t<div class=\"elementor-column elementor-col-50 elementor-inner-column elementor-element elementor-element-edd1103\" data-id=\"edd1103\" data-element_type=\"column\" data-e-type=\"column\">\n\t\t\t<div class=\"elementor-widget-wrap elementor-element-populated\">\n\t\t\t\t\t\t<div class=\"elementor-element elementor-element-8b820c2 elementor-widget elementor-widget-text-editor\" data-id=\"8b820c2\" data-element_type=\"widget\" data-e-type=\"widget\" data-widget_type=\"text-editor.default\">\n\t\t\t\t<div class=\"elementor-widget-container\">\n\t\t\t\t\t\t\t\t\t<ul><li aria-level=\"1\">Cadastre seu e-mail para receber nossa newsletter e acompanhar as nossas novidades.<\/li><\/ul>\t\t\t\t\t\t\t\t<\/div>\n\t\t\t\t<\/div>\n\t\t\t\t\t<\/div>\n\t\t<\/div>\n\t\t\t\t<div class=\"elementor-column elementor-col-50 elementor-inner-column elementor-element elementor-element-5394cd5\" data-id=\"5394cd5\" data-element_type=\"column\" data-e-type=\"column\">\n\t\t\t<div class=\"elementor-widget-wrap elementor-element-populated\">\n\t\t\t\t\t\t<div class=\"elementor-element elementor-element-869b394 elementor-widget elementor-widget-text-editor\" data-id=\"869b394\" data-element_type=\"widget\" data-e-type=\"widget\" data-widget_type=\"text-editor.default\">\n\t\t\t\t<div class=\"elementor-widget-container\">\n\t\t\t\t\t\t\t\t\t<p style=\"text-align: center;\">Assine nossa newsletter!<\/p>\t\t\t\t\t\t\t\t<\/div>\n\t\t\t\t<\/div>\n\t\t\t\t<div class=\"elementor-element elementor-element-27b14fe elementor-align-center elementor-widget elementor-widget-button\" data-id=\"27b14fe\" data-element_type=\"widget\" data-e-type=\"widget\" data-widget_type=\"button.default\">\n\t\t\t\t<div class=\"elementor-widget-container\">\n\t\t\t\t\t\t\t\t\t<div class=\"elementor-button-wrapper\">\n\t\t\t\t\t<a class=\"elementor-button elementor-button-link elementor-size-sm\" href=\"#\">\n\t\t\t\t\t\t<span class=\"elementor-button-content-wrapper\">\n\t\t\t\t\t\t\t\t\t<span class=\"elementor-button-text\">Clique aqui<\/span>\n\t\t\t\t\t<\/span>\n\t\t\t\t\t<\/a>\n\t\t\t\t<\/div>\n\t\t\t\t\t\t\t\t<\/div>\n\t\t\t\t<\/div>\n\t\t\t\t\t<\/div>\n\t\t<\/div>\n\t\t\t\t\t<\/div>\n\t\t<\/section>\n\t\t\t\t<div class=\"elementor-element elementor-element-4e846aa elementor-widget-divider--view-line elementor-widget elementor-widget-divider\" data-id=\"4e846aa\" data-element_type=\"widget\" data-e-type=\"widget\" data-widget_type=\"divider.default\">\n\t\t\t\t<div class=\"elementor-widget-container\">\n\t\t\t\t\t\t\t<div class=\"elementor-divider\">\n\t\t\t<span class=\"elementor-divider-separator\">\n\t\t\t\t\t\t<\/span>\n\t\t<\/div>\n\t\t\t\t\t\t<\/div>\n\t\t\t\t<\/div>\n\t\t\t\t<section class=\"elementor-section elementor-inner-section elementor-element elementor-element-e564e54 elementor-section-boxed elementor-section-height-default elementor-section-height-default\" data-id=\"e564e54\" data-element_type=\"section\" data-e-type=\"section\">\n\t\t\t\t\t\t<div class=\"elementor-container elementor-column-gap-default\">\n\t\t\t\t\t<div class=\"elementor-column elementor-col-50 elementor-inner-column elementor-element elementor-element-8ab45da\" data-id=\"8ab45da\" data-element_type=\"column\" data-e-type=\"column\">\n\t\t\t<div class=\"elementor-widget-wrap elementor-element-populated\">\n\t\t\t\t\t\t<div class=\"elementor-element elementor-element-41824c5 elementor-widget elementor-widget-text-editor\" data-id=\"41824c5\" data-element_type=\"widget\" data-e-type=\"widget\" data-widget_type=\"text-editor.default\">\n\t\t\t\t<div class=\"elementor-widget-container\">\n\t\t\t\t\t\t\t\t\t<ul><li aria-level=\"1\">Siga nossas redes sociais e compartilhe nossos conte\u00fados sobre ci\u00eancia.<\/li><\/ul>\t\t\t\t\t\t\t\t<\/div>\n\t\t\t\t<\/div>\n\t\t\t\t\t<\/div>\n\t\t<\/div>\n\t\t\t\t<div class=\"elementor-column elementor-col-50 elementor-inner-column elementor-element elementor-element-3039cce\" data-id=\"3039cce\" data-element_type=\"column\" data-e-type=\"column\">\n\t\t\t<div class=\"elementor-widget-wrap elementor-element-populated\">\n\t\t\t\t\t\t<div class=\"elementor-element elementor-element-c1046fe elementor-widget elementor-widget-text-editor\" data-id=\"c1046fe\" data-element_type=\"widget\" data-e-type=\"widget\" data-widget_type=\"text-editor.default\">\n\t\t\t\t<div class=\"elementor-widget-container\">\n\t\t\t\t\t\t\t\t\t<p style=\"text-align: center;\">Siga nas redes sociais!<\/p>\t\t\t\t\t\t\t\t<\/div>\n\t\t\t\t<\/div>\n\t\t\t\t<div class=\"elementor-element elementor-element-430b3f4 elementor-shape-rounded elementor-grid-0 e-grid-align-center elementor-widget elementor-widget-social-icons\" data-id=\"430b3f4\" data-element_type=\"widget\" data-e-type=\"widget\" data-widget_type=\"social-icons.default\">\n\t\t\t\t<div class=\"elementor-widget-container\">\n\t\t\t\t\t\t\t<div class=\"elementor-social-icons-wrapper elementor-grid\" role=\"list\">\n\t\t\t\t\t\t\t<span class=\"elementor-grid-item\" role=\"listitem\">\n\t\t\t\t\t<a class=\"elementor-icon elementor-social-icon elementor-social-icon-instagram elementor-repeater-item-a4d3a2e\" href=\"https:\/\/www.instagram.com\/conexoesamazonicas_\/\" target=\"_blank\">\n\t\t\t\t\t\t<span class=\"elementor-screen-only\">Instagram<\/span>\n\t\t\t\t\t\t<i aria-hidden=\"true\" class=\"fab fa-instagram\"><\/i>\t\t\t\t\t<\/a>\n\t\t\t\t<\/span>\n\t\t\t\t\t\t\t<span class=\"elementor-grid-item\" role=\"listitem\">\n\t\t\t\t\t<a class=\"elementor-icon elementor-social-icon elementor-social-icon-facebook elementor-repeater-item-c7ca045\" href=\"https:\/\/www.facebook.com\/conexoesamazonicas\" target=\"_blank\">\n\t\t\t\t\t\t<span class=\"elementor-screen-only\">Facebook<\/span>\n\t\t\t\t\t\t<i aria-hidden=\"true\" class=\"fab fa-facebook\"><\/i>\t\t\t\t\t<\/a>\n\t\t\t\t<\/span>\n\t\t\t\t\t\t\t<span class=\"elementor-grid-item\" role=\"listitem\">\n\t\t\t\t\t<a class=\"elementor-icon elementor-social-icon elementor-social-icon-twitter elementor-repeater-item-3a8dab7\" href=\"https:\/\/twitter.com\/ConexAmazonicas\" target=\"_blank\">\n\t\t\t\t\t\t<span class=\"elementor-screen-only\">Twitter<\/span>\n\t\t\t\t\t\t<i aria-hidden=\"true\" class=\"fab fa-twitter\"><\/i>\t\t\t\t\t<\/a>\n\t\t\t\t<\/span>\n\t\t\t\t\t\t\t<span class=\"elementor-grid-item\" role=\"listitem\">\n\t\t\t\t\t<a class=\"elementor-icon elementor-social-icon elementor-social-icon-youtube elementor-repeater-item-ca40826\" href=\"https:\/\/www.youtube.com\/@ConexoesAmazonicas\/featured\" target=\"_blank\">\n\t\t\t\t\t\t<span class=\"elementor-screen-only\">Youtube<\/span>\n\t\t\t\t\t\t<i aria-hidden=\"true\" class=\"fab fa-youtube\"><\/i>\t\t\t\t\t<\/a>\n\t\t\t\t<\/span>\n\t\t\t\t\t<\/div>\n\t\t\t\t\t\t<\/div>\n\t\t\t\t<\/div>\n\t\t\t\t\t<\/div>\n\t\t<\/div>\n\t\t\t\t\t<\/div>\n\t\t<\/section>\n\t\t\t\t<div class=\"elementor-element elementor-element-db35f01 elementor-widget-divider--view-line elementor-widget elementor-widget-divider\" data-id=\"db35f01\" data-element_type=\"widget\" data-e-type=\"widget\" data-widget_type=\"divider.default\">\n\t\t\t\t<div class=\"elementor-widget-container\">\n\t\t\t\t\t\t\t<div class=\"elementor-divider\">\n\t\t\t<span class=\"elementor-divider-separator\">\n\t\t\t\t\t\t<\/span>\n\t\t<\/div>\n\t\t\t\t\t\t<\/div>\n\t\t\t\t<\/div>\n\t\t\t\t<section class=\"elementor-section elementor-inner-section elementor-element elementor-element-bbe04b9 elementor-section-boxed elementor-section-height-default elementor-section-height-default\" data-id=\"bbe04b9\" data-element_type=\"section\" data-e-type=\"section\">\n\t\t\t\t\t\t<div class=\"elementor-container elementor-column-gap-default\">\n\t\t\t\t\t<div class=\"elementor-column elementor-col-50 elementor-inner-column elementor-element elementor-element-d0a7a6a\" data-id=\"d0a7a6a\" data-element_type=\"column\" data-e-type=\"column\">\n\t\t\t<div class=\"elementor-widget-wrap elementor-element-populated\">\n\t\t\t\t\t\t<div class=\"elementor-element elementor-element-cac0994 elementor-widget elementor-widget-text-editor\" data-id=\"cac0994\" data-element_type=\"widget\" data-e-type=\"widget\" data-widget_type=\"text-editor.default\">\n\t\t\t\t<div class=\"elementor-widget-container\">\n\t\t\t\t\t\t\t\t\t<ul><li aria-level=\"1\">Doe para a Rede Conex\u00f5es Amaz\u00f4nicas.<\/li><\/ul>\t\t\t\t\t\t\t\t<\/div>\n\t\t\t\t<\/div>\n\t\t\t\t<div class=\"elementor-element elementor-element-75538a2 elementor-widget elementor-widget-image\" data-id=\"75538a2\" data-element_type=\"widget\" data-e-type=\"widget\" data-widget_type=\"image.default\">\n\t\t\t\t<div class=\"elementor-widget-container\">\n\t\t\t\t\t\t\t\t\t\t\t\t\t\t\t<img decoding=\"async\" width=\"150\" height=\"150\" src=\"https:\/\/conexoesamazonicas.org\/wp-content\/uploads\/2023\/07\/DOE-PARA-A-REDE-CONEXOES-AMAZONICAS-150x150.png\" class=\"attachment-thumbnail size-thumbnail wp-image-10236\" alt=\"\" srcset=\"https:\/\/conexoesamazonicas.org\/wp-content\/uploads\/2023\/07\/DOE-PARA-A-REDE-CONEXOES-AMAZONICAS-150x150.png 150w, https:\/\/conexoesamazonicas.org\/wp-content\/uploads\/2023\/07\/DOE-PARA-A-REDE-CONEXOES-AMAZONICAS-300x300.png 300w, https:\/\/conexoesamazonicas.org\/wp-content\/uploads\/2023\/07\/DOE-PARA-A-REDE-CONEXOES-AMAZONICAS-1024x1024.png 1024w, https:\/\/conexoesamazonicas.org\/wp-content\/uploads\/2023\/07\/DOE-PARA-A-REDE-CONEXOES-AMAZONICAS-768x768.png 768w, https:\/\/conexoesamazonicas.org\/wp-content\/uploads\/2023\/07\/DOE-PARA-A-REDE-CONEXOES-AMAZONICAS-12x12.png 12w, https:\/\/conexoesamazonicas.org\/wp-content\/uploads\/2023\/07\/elementor\/thumbs\/DOE-PARA-A-REDE-CONEXOES-AMAZONICAS-q94xc8xigu39ofvo4th64eycuv1h6upjzq652ywykw.png 1000w, https:\/\/conexoesamazonicas.org\/wp-content\/uploads\/2023\/07\/DOE-PARA-A-REDE-CONEXOES-AMAZONICAS-230x230.png 230w, https:\/\/conexoesamazonicas.org\/wp-content\/uploads\/2023\/07\/DOE-PARA-A-REDE-CONEXOES-AMAZONICAS-350x350.png 350w, https:\/\/conexoesamazonicas.org\/wp-content\/uploads\/2023\/07\/DOE-PARA-A-REDE-CONEXOES-AMAZONICAS-480x480.png 480w, https:\/\/conexoesamazonicas.org\/wp-content\/uploads\/2023\/07\/DOE-PARA-A-REDE-CONEXOES-AMAZONICAS-36x36.png 36w, https:\/\/conexoesamazonicas.org\/wp-content\/uploads\/2023\/07\/DOE-PARA-A-REDE-CONEXOES-AMAZONICAS-48x48.png 48w, https:\/\/conexoesamazonicas.org\/wp-content\/uploads\/2023\/07\/elementor\/thumbs\/DOE-PARA-A-REDE-CONEXOES-AMAZONICAS-q94xc8x6eo2kq73pfkwl78ekl7ccggvxqyqy736g9w.png 10w, https:\/\/conexoesamazonicas.org\/wp-content\/uploads\/2023\/07\/elementor\/thumbs\/DOE-PARA-A-REDE-CONEXOES-AMAZONICAS-q94xc8x7i4zd6eg2elon3pd3it4t91s31kvlqclyaw.png 100w, https:\/\/conexoesamazonicas.org\/wp-content\/uploads\/2023\/07\/elementor\/thumbs\/DOE-PARA-A-REDE-CONEXOES-AMAZONICAS-q94xc8xg14iegfk7azqtw99ms6m7vca484zss5yiio.png 800w, https:\/\/conexoesamazonicas.org\/wp-content\/uploads\/2023\/07\/elementor\/thumbs\/DOE-PARA-A-REDE-CONEXOES-AMAZONICAS-q94xc8xdlexj8f8qh60ho3kwpi6yjtuogjtghd02gg.png 600w, https:\/\/conexoesamazonicas.org\/wp-content\/uploads\/2023\/07\/elementor\/thumbs\/DOE-PARA-A-REDE-CONEXOES-AMAZONICAS-q94xc8xb5pco0ex9nca5fxw6mtrp8bf8oyn46k1me8.png 400w, https:\/\/conexoesamazonicas.org\/wp-content\/uploads\/2023\/07\/DOE-PARA-A-REDE-CONEXOES-AMAZONICAS.png 1080w\" sizes=\"(max-width: 150px) 100vw, 150px\" \/>\t\t\t\t\t\t\t\t\t\t\t\t\t\t\t<\/div>\n\t\t\t\t<\/div>\n\t\t\t\t\t<\/div>\n\t\t<\/div>\n\t\t\t\t<div class=\"elementor-column elementor-col-50 elementor-inner-column elementor-element elementor-element-083f862\" data-id=\"083f862\" data-element_type=\"column\" data-e-type=\"column\" data-settings=\"{&quot;background_background&quot;:&quot;classic&quot;}\">\n\t\t\t<div class=\"elementor-widget-wrap elementor-element-populated\">\n\t\t\t\t\t\t<div class=\"elementor-element elementor-element-7d287d7 elementor-widget elementor-widget-text-editor\" data-id=\"7d287d7\" data-element_type=\"widget\" data-e-type=\"widget\" data-widget_type=\"text-editor.default\">\n\t\t\t\t<div class=\"elementor-widget-container\">\n\t\t\t\t\t\t\t\t\t<p>PIX<\/p><p>Rede Conex\u00f5es Amaz\u00f4nicas<\/p><p>CNPJ: 47.943.004\/0001-77<\/p>\t\t\t\t\t\t\t\t<\/div>\n\t\t\t\t<\/div>\n\t\t\t\t\t<\/div>\n\t\t<\/div>\n\t\t\t\t\t<\/div>\n\t\t<\/section>\n\t\t\t\t<div class=\"elementor-element elementor-element-960e1a3 elementor-widget-divider--view-line elementor-widget elementor-widget-divider\" data-id=\"960e1a3\" data-element_type=\"widget\" data-e-type=\"widget\" data-widget_type=\"divider.default\">\n\t\t\t\t<div class=\"elementor-widget-container\">\n\t\t\t\t\t\t\t<div class=\"elementor-divider\">\n\t\t\t<span class=\"elementor-divider-separator\">\n\t\t\t\t\t\t<\/span>\n\t\t<\/div>\n\t\t\t\t\t\t<\/div>\n\t\t\t\t<\/div>\n\t\t\t\t<div class=\"elementor-element elementor-element-0e02760 elementor-widget elementor-widget-image\" data-id=\"0e02760\" data-element_type=\"widget\" data-e-type=\"widget\" data-widget_type=\"image.default\">\n\t\t\t\t<div class=\"elementor-widget-container\">\n\t\t\t\t\t\t\t\t\t\t\t\t\t\t\t<img fetchpriority=\"high\" decoding=\"async\" width=\"300\" height=\"200\" src=\"https:\/\/conexoesamazonicas.org\/wp-content\/uploads\/2023\/07\/Logo-Conexoes-horizontal-300x200.png\" class=\"attachment-medium size-medium wp-image-10162\" alt=\"\" srcset=\"https:\/\/conexoesamazonicas.org\/wp-content\/uploads\/2023\/07\/Logo-Conexoes-horizontal-300x200.png 300w, https:\/\/conexoesamazonicas.org\/wp-content\/uploads\/2023\/07\/Logo-Conexoes-horizontal-1024x682.png 1024w, https:\/\/conexoesamazonicas.org\/wp-content\/uploads\/2023\/07\/Logo-Conexoes-horizontal-768x512.png 768w, https:\/\/conexoesamazonicas.org\/wp-content\/uploads\/2023\/07\/Logo-Conexoes-horizontal-1536x1024.png 1536w, https:\/\/conexoesamazonicas.org\/wp-content\/uploads\/2023\/07\/Logo-Conexoes-horizontal-18x12.png 18w, https:\/\/conexoesamazonicas.org\/wp-content\/uploads\/2023\/07\/Logo-Conexoes-horizontal-1000x666.png 1000w, https:\/\/conexoesamazonicas.org\/wp-content\/uploads\/2023\/07\/Logo-Conexoes-horizontal-230x153.png 230w, https:\/\/conexoesamazonicas.org\/wp-content\/uploads\/2023\/07\/Logo-Conexoes-horizontal-350x233.png 350w, https:\/\/conexoesamazonicas.org\/wp-content\/uploads\/2023\/07\/Logo-Conexoes-horizontal-480x320.png 480w, https:\/\/conexoesamazonicas.org\/wp-content\/uploads\/2023\/07\/Logo-Conexoes-horizontal-36x24.png 36w, https:\/\/conexoesamazonicas.org\/wp-content\/uploads\/2023\/07\/Logo-Conexoes-horizontal-48x32.png 48w, https:\/\/conexoesamazonicas.org\/wp-content\/uploads\/2023\/07\/Logo-Conexoes-horizontal.png 1772w\" sizes=\"(max-width: 300px) 100vw, 300px\" \/>\t\t\t\t\t\t\t\t\t\t\t\t\t\t\t<\/div>\n\t\t\t\t<\/div>\n\t\t\t\t\t<\/div>\n\t\t<\/div>\n\t\t\t\t\t<\/div>\n\t\t<\/section>\n\t\t\t\t<\/div>","protected":false},"excerpt":{"rendered":"<p>Conecte-se \u00e0 Amaz\u00f4nia\u200b Voc\u00ea pode colaborar com a Rede Conex\u00f5es Amaz\u00f4nicas das seguintes formas: Torne-se volunt\u00e1rio(a) e atue diretamente em uma de nossas linhas de atua\u00e7\u00e3o. Entre em contato! Nosso e-mail Cadastre seu e-mail para receber nossa newsletter e acompanhar [&hellip;]<\/p>\n","protected":false},"author":3,"featured_media":0,"parent":0,"menu_order":0,"comment_status":"closed","ping_status":"closed","template":"","meta":{"footnotes":""},"class_list":["post-10073","page","type-page","status-publish","hentry"],"aioseo_notices":[],"_links":{"self":[{"href":"https:\/\/conexoesamazonicas.org\/en\/wp-json\/wp\/v2\/pages\/10073","targetHints":{"allow":["GET"]}}],"collection":[{"href":"https:\/\/conexoesamazonicas.org\/en\/wp-json\/wp\/v2\/pages"}],"about":[{"href":"https:\/\/conexoesamazonicas.org\/en\/wp-json\/wp\/v2\/types\/page"}],"author":[{"embeddable":true,"href":"https:\/\/conexoesamazonicas.org\/en\/wp-json\/wp\/v2\/users\/3"}],"replies":[{"embeddable":true,"href":"https:\/\/conexoesamazonicas.org\/en\/wp-json\/wp\/v2\/comments?post=10073"}],"version-history":[{"count":58,"href":"https:\/\/conexoesamazonicas.org\/en\/wp-json\/wp\/v2\/pages\/10073\/revisions"}],"predecessor-version":[{"id":10431,"href":"https:\/\/conexoesamazonicas.org\/en\/wp-json\/wp\/v2\/pages\/10073\/revisions\/10431"}],"wp:attachment":[{"href":"https:\/\/conexoesamazonicas.org\/en\/wp-json\/wp\/v2\/media?parent=10073"}],"curies":[{"name":"wp","href":"https:\/\/api.w.org\/{rel}","templated":true}]}}