{"id":10614,"date":"2023-07-22T20:50:42","date_gmt":"2023-07-22T20:50:42","guid":{"rendered":"https:\/\/conexoesamazonicas.org\/?page_id=10614"},"modified":"2023-07-22T21:00:17","modified_gmt":"2023-07-22T21:00:17","slug":"politica-de-republicacao","status":"publish","type":"page","link":"https:\/\/conexoesamazonicas.org\/en\/politica-de-republicacao\/","title":{"rendered":"Pol\u00edtica de Republica\u00e7\u00e3o"},"content":{"rendered":"<div data-elementor-type=\"wp-page\" data-elementor-id=\"10614\" class=\"elementor elementor-10614\">\n\t\t\t\t\t\t<section class=\"elementor-section elementor-top-section elementor-element elementor-element-8691edc elementor-section-boxed elementor-section-height-default elementor-section-height-default\" data-id=\"8691edc\" data-element_type=\"section\" data-e-type=\"section\">\n\t\t\t\t\t\t<div class=\"elementor-container elementor-column-gap-default\">\n\t\t\t\t\t<div class=\"elementor-column elementor-col-100 elementor-top-column elementor-element elementor-element-717a2222\" data-id=\"717a2222\" data-element_type=\"column\" data-e-type=\"column\">\n\t\t\t<div class=\"elementor-widget-wrap elementor-element-populated\">\n\t\t\t\t\t\t<div class=\"elementor-element elementor-element-5202bc80 elementor-widget elementor-widget-heading\" data-id=\"5202bc80\" data-element_type=\"widget\" data-e-type=\"widget\" data-widget_type=\"heading.default\">\n\t\t\t\t<div class=\"elementor-widget-container\">\n\t\t\t\t\t<h2 class=\"elementor-heading-title elementor-size-default\">Pol\u00edtica de Republica\u00e7\u00e3o<\/h2>\t\t\t\t<\/div>\n\t\t\t\t<\/div>\n\t\t\t\t<div class=\"elementor-element elementor-element-114f3abf elementor-widget elementor-widget-spacer\" data-id=\"114f3abf\" data-element_type=\"widget\" data-e-type=\"widget\" data-widget_type=\"spacer.default\">\n\t\t\t\t<div class=\"elementor-widget-container\">\n\t\t\t\t\t\t\t<div class=\"elementor-spacer\">\n\t\t\t<div class=\"elementor-spacer-inner\"><\/div>\n\t\t<\/div>\n\t\t\t\t\t\t<\/div>\n\t\t\t\t<\/div>\n\t\t\t\t<div class=\"elementor-element elementor-element-1ab89a6 elementor-widget elementor-widget-spacer\" data-id=\"1ab89a6\" data-element_type=\"widget\" data-e-type=\"widget\" data-widget_type=\"spacer.default\">\n\t\t\t\t<div class=\"elementor-widget-container\">\n\t\t\t\t\t\t\t<div class=\"elementor-spacer\">\n\t\t\t<div class=\"elementor-spacer-inner\"><\/div>\n\t\t<\/div>\n\t\t\t\t\t\t<\/div>\n\t\t\t\t<\/div>\n\t\t\t\t<div class=\"elementor-element elementor-element-5ffa0f20 elementor-widget elementor-widget-text-editor\" data-id=\"5ffa0f20\" data-element_type=\"widget\" data-e-type=\"widget\" data-widget_type=\"text-editor.default\">\n\t\t\t\t<div class=\"elementor-widget-container\">\n\t\t\t\t\t\t\t\t\t<p><span style=\"font-weight: 400;\">Todo o conte\u00fado da Rede Conex\u00f5es Amaz\u00f4nicas \u00e9 feito sob a licen\u00e7a <\/span><span style=\"text-decoration: underline;\"><a href=\"https:\/\/creativecommons.org\/licenses\/by-nc-nd\/4.0\/\"><span style=\"font-weight: 400;\">Creative Commons CC BY-NC-ND 4.0<\/span><\/a><\/span><span style=\"font-weight: 400;\">. Por isso, outros meios de comunica\u00e7\u00e3o podem republicar nossas reportagens gratuitamente, desde que sigam as regras abaixo:<\/span><\/p><p><span style=\"font-weight: 400;\">\u00c9 permitida a republica\u00e7\u00e3o das publica\u00e7\u00f5es em meios digitais da Rede Conex\u00f5es Amaz\u00f4nicas de acordo com a licen\u00e7a <\/span><a href=\"https:\/\/creativecommons.org\/licenses\/by-nc-nd\/4.0\/\"><span style=\"font-weight: 400;\">Creative Commons CC BY-NC-ND 4.0<\/span><\/a><span style=\"font-weight: 400;\">. Assim, \u00e9 obrigat\u00f3rio o cumprimento da Pol\u00edtica de Republica\u00e7\u00e3o Digital de Conte\u00fado da Rede Conex\u00f5es Amaz\u00f4nicas, aqui especificada. O texto n\u00e3o deve ser editado e a autoria deve ser atribu\u00edda, assim como a fonte deve ser citada (Blog da Rede Conex\u00f5es Amaz\u00f4nicas).\u00a0<\/span><\/p>\t\t\t\t\t\t\t\t<\/div>\n\t\t\t\t<\/div>\n\t\t\t\t<div class=\"elementor-element elementor-element-36fc843b elementor-widget elementor-widget-spacer\" data-id=\"36fc843b\" data-element_type=\"widget\" data-e-type=\"widget\" data-widget_type=\"spacer.default\">\n\t\t\t\t<div class=\"elementor-widget-container\">\n\t\t\t\t\t\t\t<div class=\"elementor-spacer\">\n\t\t\t<div class=\"elementor-spacer-inner\"><\/div>\n\t\t<\/div>\n\t\t\t\t\t\t<\/div>\n\t\t\t\t<\/div>\n\t\t\t\t<div class=\"elementor-element elementor-element-30f5432 elementor-widget elementor-widget-spacer\" data-id=\"30f5432\" data-element_type=\"widget\" data-e-type=\"widget\" data-widget_type=\"spacer.default\">\n\t\t\t\t<div class=\"elementor-widget-container\">\n\t\t\t\t\t\t\t<div class=\"elementor-spacer\">\n\t\t\t<div class=\"elementor-spacer-inner\"><\/div>\n\t\t<\/div>\n\t\t\t\t\t\t<\/div>\n\t\t\t\t<\/div>\n\t\t\t\t<div class=\"elementor-element elementor-element-5400095d elementor-widget elementor-widget-text-editor\" data-id=\"5400095d\" data-element_type=\"widget\" data-e-type=\"widget\" data-widget_type=\"text-editor.default\">\n\t\t\t\t<div class=\"elementor-widget-container\">\n\t\t\t\t\t\t\t\t\t<p><b>POL\u00cdTICA DE REPUBLICA\u00c7\u00c3O DIGITAL DE CONTE\u00daDO DA REDE CONEX\u00d5ES AMAZ\u00d4NICAS<\/b><\/p>\t\t\t\t\t\t\t\t<\/div>\n\t\t\t\t<\/div>\n\t\t\t\t<div class=\"elementor-element elementor-element-c2818c1 elementor-widget elementor-widget-spacer\" data-id=\"c2818c1\" data-element_type=\"widget\" data-e-type=\"widget\" data-widget_type=\"spacer.default\">\n\t\t\t\t<div class=\"elementor-widget-container\">\n\t\t\t\t\t\t\t<div class=\"elementor-spacer\">\n\t\t\t<div class=\"elementor-spacer-inner\"><\/div>\n\t\t<\/div>\n\t\t\t\t\t\t<\/div>\n\t\t\t\t<\/div>\n\t\t\t\t<div class=\"elementor-element elementor-element-5cf81b63 elementor-widget elementor-widget-text-editor\" data-id=\"5cf81b63\" data-element_type=\"widget\" data-e-type=\"widget\" data-widget_type=\"text-editor.default\">\n\t\t\t\t<div class=\"elementor-widget-container\">\n\t\t\t\t\t\t\t\t\t<p><span style=\"font-weight: 400;\">Para ampliar o alcance de sua produ\u00e7\u00e3o, revista <\/span><i><span style=\"font-weight: 400;\">Conex\u00f5es Amaz\u00f4nicas<\/span><\/i><span style=\"font-weight: 400;\"> licencia muitas de seus textos e demais tipos de materiais via Creative Commons para que possam ser republicados gratuitamente e de forma simples por outros ve\u00edculos digitais.<\/span><\/p><p><span style=\"font-weight: 400;\">As normas aqui descritas se restringem \u00e0 republica\u00e7\u00e3o em meios digitais. Caso tenha interesse em republicar o material da revista em meios impressos, por favor, entre em contato conosco pelo e-mail:\u00a0 <\/span><a href=\"mailto:editorial@conexoesamazonicas.org\"><span style=\"font-weight: 400;\"><span style=\"text-decoration: underline;\">editorial@conexoesamazonicas.org<\/span><\/span><\/a><span style=\"font-weight: 400;\">.<\/span><\/p><p><span style=\"font-weight: 400;\">Caso a publica\u00e7\u00e3o ou o audiovisual de seu interesse n\u00e3o estiver acompanhado por um <\/span><span style=\"font-weight: 400;\">link<\/span><span style=\"font-weight: 400;\"> de \u201crepublica\u00e7\u00e3o\u201d, isso significa que est\u00e1 indispon\u00edvel para esse fim, ou que o material foi publicado antes da implementa\u00e7\u00e3o desta pol\u00edtica. Em alguns casos, a republica\u00e7\u00e3o diz respeito apenas ao texto da reportagem; em outros, haver\u00e1 tamb\u00e9m a op\u00e7\u00e3o de republica\u00e7\u00e3o do html completo. Havendo d\u00favida, consulte-nos por e-mail (<\/span><a href=\"mailto:contato@conexoesamazonicas.org\"><span style=\"font-weight: 400;\"><span style=\"text-decoration: underline;\">contato@conexoesamazonicas.org<\/span><\/span><\/a><span style=\"font-weight: 400;\">).<\/span><\/p>\t\t\t\t\t\t\t\t<\/div>\n\t\t\t\t<\/div>\n\t\t\t\t<div class=\"elementor-element elementor-element-5f925061 elementor-widget elementor-widget-spacer\" data-id=\"5f925061\" data-element_type=\"widget\" data-e-type=\"widget\" data-widget_type=\"spacer.default\">\n\t\t\t\t<div class=\"elementor-widget-container\">\n\t\t\t\t\t\t\t<div class=\"elementor-spacer\">\n\t\t\t<div class=\"elementor-spacer-inner\"><\/div>\n\t\t<\/div>\n\t\t\t\t\t\t<\/div>\n\t\t\t\t<\/div>\n\t\t\t\t<div class=\"elementor-element elementor-element-5a59be78 elementor-widget elementor-widget-spacer\" data-id=\"5a59be78\" data-element_type=\"widget\" data-e-type=\"widget\" data-widget_type=\"spacer.default\">\n\t\t\t\t<div class=\"elementor-widget-container\">\n\t\t\t\t\t\t\t<div class=\"elementor-spacer\">\n\t\t\t<div class=\"elementor-spacer-inner\"><\/div>\n\t\t<\/div>\n\t\t\t\t\t\t<\/div>\n\t\t\t\t<\/div>\n\t\t\t\t<div class=\"elementor-element elementor-element-7a37416e elementor-widget elementor-widget-text-editor\" data-id=\"7a37416e\" data-element_type=\"widget\" data-e-type=\"widget\" data-widget_type=\"text-editor.default\">\n\t\t\t\t<div class=\"elementor-widget-container\">\n\t\t\t\t\t\t\t\t\t<p><b>CR\u00c9DITOS<\/b><\/p>\t\t\t\t\t\t\t\t<\/div>\n\t\t\t\t<\/div>\n\t\t\t\t<div class=\"elementor-element elementor-element-777aef52 elementor-widget elementor-widget-spacer\" data-id=\"777aef52\" data-element_type=\"widget\" data-e-type=\"widget\" data-widget_type=\"spacer.default\">\n\t\t\t\t<div class=\"elementor-widget-container\">\n\t\t\t\t\t\t\t<div class=\"elementor-spacer\">\n\t\t\t<div class=\"elementor-spacer-inner\"><\/div>\n\t\t<\/div>\n\t\t\t\t\t\t<\/div>\n\t\t\t\t<\/div>\n\t\t\t\t<div class=\"elementor-element elementor-element-3bed04ca elementor-widget elementor-widget-text-editor\" data-id=\"3bed04ca\" data-element_type=\"widget\" data-e-type=\"widget\" data-widget_type=\"text-editor.default\">\n\t\t\t\t<div class=\"elementor-widget-container\">\n\t\t\t\t\t\t\t\t\t<p><span style=\"font-weight: 400;\">A revista Conex\u00f5es Amaz\u00f4nicas<\/span> <span style=\"font-weight: 400;\">deve ser clara e diretamente creditada como a fonte do conte\u00fado que est\u00e1 sendo republicado. Preferencialmente no alto da p\u00e1gina, com um link para a <\/span><i><span style=\"font-weight: 400;\">home page<\/span><\/i><span style=\"font-weight: 400;\"> da revista ou diretamente para a URL da publica\u00e7\u00e3o em quest\u00e3o.<\/span><\/p><p><span style=\"font-weight: 400;\">Da mesma forma, o nome do(s) autor(es) deve(m) ser creditado(s), preferivelmente no alto da reportagem: Fulano de Tal, revista Conex\u00f5es Amaz\u00f4nicas.<\/span><\/p><p><span style=\"font-weight: 400;\">O material republicado deve ser acompanhado por um link para a licen\u00e7a <\/span><a href=\"https:\/\/creativecommons.org\/licenses\/by-nc-nd\/4.0\/\"><span style=\"font-weight: 400;\">CC BY-ND 4.0<\/span><\/a><span style=\"font-weight: 400;\">, garantindo que todos que veem o conte\u00fado da Rede Conex\u00f5es Amaz\u00f4nicas em outros ve\u00edculos saibam que tamb\u00e9m podem usar o material.<\/span><\/p><p><span style=\"font-weight: 400;\">O uso de material de <\/span><span style=\"font-weight: 400;\">conexoesamazonicas.org<\/span><span style=\"font-weight: 400;\"> n\u00e3o deve, de maneira nenhuma, sugerir qualquer tipo de afilia\u00e7\u00e3o ou endosso da Rede Conex\u00f5es Amaz\u00f4nicas ao ve\u00edculo no qual ser\u00e1 republicado.<\/span><\/p>\t\t\t\t\t\t\t\t<\/div>\n\t\t\t\t<\/div>\n\t\t\t\t<div class=\"elementor-element elementor-element-27770137 elementor-widget elementor-widget-spacer\" data-id=\"27770137\" data-element_type=\"widget\" data-e-type=\"widget\" data-widget_type=\"spacer.default\">\n\t\t\t\t<div class=\"elementor-widget-container\">\n\t\t\t\t\t\t\t<div class=\"elementor-spacer\">\n\t\t\t<div class=\"elementor-spacer-inner\"><\/div>\n\t\t<\/div>\n\t\t\t\t\t\t<\/div>\n\t\t\t\t<\/div>\n\t\t\t\t<div class=\"elementor-element elementor-element-176e4682 elementor-widget elementor-widget-text-editor\" data-id=\"176e4682\" data-element_type=\"widget\" data-e-type=\"widget\" data-widget_type=\"text-editor.default\">\n\t\t\t\t<div class=\"elementor-widget-container\">\n\t\t\t\t\t\t\t\t\t<p><b>EDI\u00c7\u00c3O<\/b><\/p>\t\t\t\t\t\t\t\t<\/div>\n\t\t\t\t<\/div>\n\t\t\t\t<div class=\"elementor-element elementor-element-433a29d2 elementor-widget elementor-widget-spacer\" data-id=\"433a29d2\" data-element_type=\"widget\" data-e-type=\"widget\" data-widget_type=\"spacer.default\">\n\t\t\t\t<div class=\"elementor-widget-container\">\n\t\t\t\t\t\t\t<div class=\"elementor-spacer\">\n\t\t\t<div class=\"elementor-spacer-inner\"><\/div>\n\t\t<\/div>\n\t\t\t\t\t\t<\/div>\n\t\t\t\t<\/div>\n\t\t\t\t<div class=\"elementor-element elementor-element-170d0f6 elementor-widget elementor-widget-text-editor\" data-id=\"170d0f6\" data-element_type=\"widget\" data-e-type=\"widget\" data-widget_type=\"text-editor.default\">\n\t\t\t\t<div class=\"elementor-widget-container\">\n\t\t\t\t\t\t\t\t\t<p><span style=\"font-weight: 400;\">O conte\u00fado licenciado, incluindo t\u00edtulo e olho\/linha fina, n\u00e3o pode ser editado sem a autoriza\u00e7\u00e3o expressa da Rede Conex\u00f5es Amaz\u00f4nicas, devendo ser reproduzido na \u00edntegra. Em caso de d\u00favida, por favor, consulte-nos por e-mail (<\/span><a href=\"mailto:editorial@conexoesamazonicas.org\"><span style=\"font-weight: 400;\">editorial@conexoesamazonicas.org<\/span><\/a><span style=\"font-weight: 400;\">) antes de republicar.<\/span><\/p>\t\t\t\t\t\t\t\t<\/div>\n\t\t\t\t<\/div>\n\t\t\t\t<div class=\"elementor-element elementor-element-277498eb elementor-widget elementor-widget-spacer\" data-id=\"277498eb\" data-element_type=\"widget\" data-e-type=\"widget\" data-widget_type=\"spacer.default\">\n\t\t\t\t<div class=\"elementor-widget-container\">\n\t\t\t\t\t\t\t<div class=\"elementor-spacer\">\n\t\t\t<div class=\"elementor-spacer-inner\"><\/div>\n\t\t<\/div>\n\t\t\t\t\t\t<\/div>\n\t\t\t\t<\/div>\n\t\t\t\t<div class=\"elementor-element elementor-element-44e22c4d elementor-widget elementor-widget-text-editor\" data-id=\"44e22c4d\" data-element_type=\"widget\" data-e-type=\"widget\" data-widget_type=\"text-editor.default\">\n\t\t\t\t<div class=\"elementor-widget-container\">\n\t\t\t\t\t\t\t\t\t<p><b>FOTOGRAFIAS E INFOGR\u00c1FICOS<\/b><\/p><p><span style=\"font-weight: 400;\">V\u00e1rias imagens usadas pela Rede Conex\u00f5es Amaz\u00f4nicas s\u00e3o adquiridas de ag\u00eancias comerciais, fot\u00f3grafos <\/span><i><span style=\"font-weight: 400;\">free-lancers<\/span><\/i><span style=\"font-weight: 400;\"> ou de ilustradores que n\u00e3o permitem a reprodu\u00e7\u00e3o de seu material sem autoriza\u00e7\u00e3o ou pagamento. Quaisquer imagens e infogr\u00e1ficos que n\u00e3o sejam exclusivamente creditados a Rede Conex\u00f5es Amaz\u00f4nicas n\u00e3o podem ser republicados sem a obten\u00e7\u00e3o de autoriza\u00e7\u00e3o expressa de seus autores.<\/span><\/p>\t\t\t\t\t\t\t\t<\/div>\n\t\t\t\t<\/div>\n\t\t\t\t<div class=\"elementor-element elementor-element-35087080 elementor-widget elementor-widget-spacer\" data-id=\"35087080\" data-element_type=\"widget\" data-e-type=\"widget\" data-widget_type=\"spacer.default\">\n\t\t\t\t<div class=\"elementor-widget-container\">\n\t\t\t\t\t\t\t<div class=\"elementor-spacer\">\n\t\t\t<div class=\"elementor-spacer-inner\"><\/div>\n\t\t<\/div>\n\t\t\t\t\t\t<\/div>\n\t\t\t\t<\/div>\n\t\t\t\t<div class=\"elementor-element elementor-element-205143f3 elementor-widget elementor-widget-text-editor\" data-id=\"205143f3\" data-element_type=\"widget\" data-e-type=\"widget\" data-widget_type=\"text-editor.default\">\n\t\t\t\t<div class=\"elementor-widget-container\">\n\t\t\t\t\t\t\t\t\t<p><b>RASTREAMENTO<br \/><\/b><\/p><p><span style=\"font-weight: 400;\">Ao republicar uma publica\u00e7\u00e3o completa da Rede Conex\u00f5es Amaz\u00f4nicas, no formato html, \u00e9 obrigat\u00f3ria a inclus\u00e3o do nosso pixel de rastreamento, c\u00f3digo que nos permite saber o seu alcance (<\/span><i><span style=\"font-weight: 400;\">page views<\/span><\/i><span style=\"font-weight: 400;\">). Essa ferramenta informa a Rede Conex\u00f5es Amaz\u00f4nicas quais publica\u00e7\u00f5es o seu conte\u00fado alcan\u00e7a e o tamanho de seu p\u00fablico.\u00a0<\/span><\/p>\t\t\t\t\t\t\t\t<\/div>\n\t\t\t\t<\/div>\n\t\t\t\t<div class=\"elementor-element elementor-element-13d4c44f elementor-widget elementor-widget-spacer\" data-id=\"13d4c44f\" data-element_type=\"widget\" data-e-type=\"widget\" data-widget_type=\"spacer.default\">\n\t\t\t\t<div class=\"elementor-widget-container\">\n\t\t\t\t\t\t\t<div class=\"elementor-spacer\">\n\t\t\t<div class=\"elementor-spacer-inner\"><\/div>\n\t\t<\/div>\n\t\t\t\t\t\t<\/div>\n\t\t\t\t<\/div>\n\t\t\t\t<div class=\"elementor-element elementor-element-535e71b5 elementor-widget elementor-widget-text-editor\" data-id=\"535e71b5\" data-element_type=\"widget\" data-e-type=\"widget\" data-widget_type=\"text-editor.default\">\n\t\t\t\t<div class=\"elementor-widget-container\">\n\t\t\t\t\t\t\t\t\t<p><b>N\u00c3O ABUSE<br \/><\/b><\/p><p><span style=\"font-weight: 400;\">O direito de vender e redistribuir o que \u00e9 publicado em <\/span><span style=\"text-decoration: underline;\"><span style=\"font-weight: 400;\">conexoesamazonicas.org<\/span><\/span><span style=\"font-weight: 400;\"> pertence exclusivamente a Rede Conex\u00f5es Amaz\u00f4nicas.<\/span><\/p><p><span style=\"font-weight: 400;\">As normas aqui explicitadas n\u00e3o permitem a reprodu\u00e7\u00e3o do que for publicado pela Rede Conex\u00f5es Amaz\u00f4nicas a partir de outros sites onde possam ser encontrados. A Rede Conex\u00f5es Amaz\u00f4nicas sempre deve ser creditada de forma clara e vis\u00edvel como a fonte do material.<\/span><\/p><p><span style=\"font-weight: 400;\">N\u00e3o \u00e9 permitida a republica\u00e7\u00e3o de todo o conte\u00fado de <\/span><span style=\"font-weight: 400;\">conexoesamazonicas.org<\/span><span style=\"font-weight: 400;\">; apenas de publica\u00e7\u00f5es explicitamente pass\u00edveis de republica\u00e7\u00e3o, de forma individual.<\/span><\/p><p><span style=\"font-weight: 400;\">Sites que republiquem produ\u00e7\u00e3o da Rede Conex\u00f5es Amaz\u00f4nicas devem apresentar uma forma clara e efetiva de contato com os respons\u00e1veis pela sua publica\u00e7\u00e3o.<\/span><\/p><p><span style=\"font-weight: 400;\">A Rede Conex\u00f5es Amaz\u00f4nicas se reserva o direito de revogar a permiss\u00e3o de publica\u00e7\u00e3o a qualquer um a qualquer momento e por qualquer motivo.<\/span><\/p><p><span style=\"font-weight: 400;\">Em caso de d\u00favida sobre nossa orienta\u00e7\u00e3o, por favor, entre em contato via <\/span><a href=\"mailto:contato@conexoesamazonicas.org\"><span style=\"font-weight: 400;\"><span style=\"text-decoration: underline;\">contato@conexoesamazonicas.org<\/span><\/span><\/a><span style=\"font-weight: 400;\">. Agradecemos o seu interesse.<\/span><\/p>\t\t\t\t\t\t\t\t<\/div>\n\t\t\t\t<\/div>\n\t\t\t\t\t<\/div>\n\t\t<\/div>\n\t\t\t\t\t<\/div>\n\t\t<\/section>\n\t\t\t\t<\/div>","protected":false},"excerpt":{"rendered":"<p>Pol\u00edtica de Republica\u00e7\u00e3o Todo o conte\u00fado da Rede Conex\u00f5es Amaz\u00f4nicas \u00e9 feito sob a licen\u00e7a Creative Commons CC BY-NC-ND 4.0. Por isso, outros meios de comunica\u00e7\u00e3o podem republicar nossas reportagens gratuitamente, desde que sigam as regras abaixo: \u00c9 permitida a [&hellip;]<\/p>\n","protected":false},"author":3,"featured_media":0,"parent":0,"menu_order":0,"comment_status":"closed","ping_status":"closed","template":"","meta":{"footnotes":""},"class_list":["post-10614","page","type-page","status-publish","hentry"],"aioseo_notices":[],"_links":{"self":[{"href":"https:\/\/conexoesamazonicas.org\/en\/wp-json\/wp\/v2\/pages\/10614","targetHints":{"allow":["GET"]}}],"collection":[{"href":"https:\/\/conexoesamazonicas.org\/en\/wp-json\/wp\/v2\/pages"}],"about":[{"href":"https:\/\/conexoesamazonicas.org\/en\/wp-json\/wp\/v2\/types\/page"}],"author":[{"embeddable":true,"href":"https:\/\/conexoesamazonicas.org\/en\/wp-json\/wp\/v2\/users\/3"}],"replies":[{"embeddable":true,"href":"https:\/\/conexoesamazonicas.org\/en\/wp-json\/wp\/v2\/comments?post=10614"}],"version-history":[{"count":13,"href":"https:\/\/conexoesamazonicas.org\/en\/wp-json\/wp\/v2\/pages\/10614\/revisions"}],"predecessor-version":[{"id":10628,"href":"https:\/\/conexoesamazonicas.org\/en\/wp-json\/wp\/v2\/pages\/10614\/revisions\/10628"}],"wp:attachment":[{"href":"https:\/\/conexoesamazonicas.org\/en\/wp-json\/wp\/v2\/media?parent=10614"}],"curies":[{"name":"wp","href":"https:\/\/api.w.org\/{rel}","templated":true}]}}