{"id":1167,"date":"2021-02-05T16:23:38","date_gmt":"2021-02-05T16:23:38","guid":{"rendered":"https:\/\/www.ufrgs.br\/conexoesamazonicas\/?page_id=1167"},"modified":"2022-12-20T13:03:14","modified_gmt":"2022-12-20T13:03:14","slug":"base_de_dados","status":"publish","type":"page","link":"https:\/\/conexoesamazonicas.org\/en\/base_de_dados\/","title":{"rendered":"Databases"},"content":{"rendered":"<div data-elementor-type=\"wp-page\" data-elementor-id=\"1167\" class=\"elementor elementor-1167\">\n\t\t\t\t\t\t<section class=\"elementor-section elementor-top-section elementor-element elementor-element-edf0a3c elementor-section-full_width elementor-section-height-default elementor-section-height-default\" data-id=\"edf0a3c\" data-element_type=\"section\" data-e-type=\"section\">\n\t\t\t\t\t\t<div class=\"elementor-container elementor-column-gap-default\">\n\t\t\t\t\t<div class=\"elementor-column elementor-col-100 elementor-top-column elementor-element elementor-element-98f5795\" data-id=\"98f5795\" data-element_type=\"column\" data-e-type=\"column\">\n\t\t\t<div class=\"elementor-widget-wrap elementor-element-populated\">\n\t\t\t\t\t\t<div class=\"elementor-element elementor-element-8aff56d elementor-widget elementor-widget-heading\" data-id=\"8aff56d\" data-element_type=\"widget\" data-e-type=\"widget\" data-widget_type=\"heading.default\">\n\t\t\t\t<div class=\"elementor-widget-container\">\n\t\t\t\t\t<h1 class=\"elementor-heading-title elementor-size-default\">Databases <\/h1>\t\t\t\t<\/div>\n\t\t\t\t<\/div>\n\t\t\t\t<div class=\"elementor-element elementor-element-26c3a00 elementor-widget elementor-widget-text-editor\" data-id=\"26c3a00\" data-element_type=\"widget\" data-e-type=\"widget\" data-widget_type=\"text-editor.default\">\n\t\t\t\t<div class=\"elementor-widget-container\">\n\t\t\t\t\t\t\t\t\t<h5>We provide below links for datasets developed by the Conex\u00f5es Amaz\u00f4nicas researchers.<\/h5>\t\t\t\t\t\t\t\t<\/div>\n\t\t\t\t<\/div>\n\t\t\t\t\t<\/div>\n\t\t<\/div>\n\t\t\t\t\t<\/div>\n\t\t<\/section>\n\t\t\t\t<section class=\"elementor-section elementor-top-section elementor-element elementor-element-9933215 elementor-section-full_width elementor-section-content-middle elementor-section-height-default elementor-section-height-default elementor-invisible\" data-id=\"9933215\" data-element_type=\"section\" data-e-type=\"section\" data-settings=\"{&quot;animation&quot;:&quot;zoomIn&quot;}\">\n\t\t\t\t\t\t<div class=\"elementor-container elementor-column-gap-narrow\">\n\t\t\t\t\t<div class=\"elementor-column elementor-col-100 elementor-top-column elementor-element elementor-element-f99a8d6\" data-id=\"f99a8d6\" data-element_type=\"column\" data-e-type=\"column\" data-settings=\"{&quot;background_background&quot;:&quot;classic&quot;}\">\n\t\t\t<div class=\"elementor-widget-wrap elementor-element-populated\">\n\t\t\t\t\t\t<div class=\"elementor-element elementor-element-8342a0f elementor-hidden-tablet elementor-hidden-phone elementor-invisible elementor-widget elementor-widget-void-post-grid\" data-id=\"8342a0f\" data-element_type=\"widget\" data-e-type=\"widget\" data-settings=\"{&quot;_animation&quot;:&quot;fadeIn&quot;}\" data-widget_type=\"void-post-grid.default\">\n\t\t\t\t<div class=\"elementor-widget-container\">\n\t\t\t\t\t<div class=\"void-elementor-post-grid-wrapper\">            <div class=\"void-Container standard\">\n            <!-- turn on filter section if it's on in settings. this section needs extra markup -->\n                        <!-- only this div will show if there was no filter -->\n                <div class=\"void-row\">\n            \n<section class=\"no-results not-found\">\n\t<header class=\"page-header\">\n\t\t<h1 class=\"page-title\">Nothing Found<\/h1>\n\t<\/header><!-- .page-header -->\n\n\t<div class=\"page-content\">\n\t\t\n\t\t\t<p>It seems we can&rsquo;t find what you&rsquo;re looking for. Perhaps searching can help.<\/p>\n\t\t\t<div class=\"widget widget_search\">\n\t\t\t\t<form role=\"search\" method=\"get\" class=\"search-form\" action=\"https:\/\/conexoesamazonicas.org\/en\/\" data-trp-original-action=\"https:\/\/conexoesamazonicas.org\/en\/\">\n\t\t\t\t<label>\n\t\t\t\t\t<span class=\"screen-reader-text\">Search for:<\/span>\n\t\t\t\t\t<input type=\"search\" class=\"search-field\" placeholder=\"Search &hellip;\" value=\"\" name=\"s\" \/>\n\t\t\t\t<\/label>\n\t\t\t\t<input type=\"submit\" class=\"search-submit\" value=\"Search\" \/>\n\t\t\t<input type=\"hidden\" name=\"trp-form-language\" value=\"en\"\/><\/form>\t\t\t<\/div>\n\t\t\t<\/div><!-- .page-content -->\n<\/section><!-- .no-results -->\n                \n            <\/div>\n            \n            <\/div>\t\t\t\t<\/div>\n\t\t\t\t<\/div>\n\t\t\t\t<div class=\"elementor-element elementor-element-235afb5 elementor-hidden-desktop elementor-invisible elementor-widget elementor-widget-void-post-grid\" data-id=\"235afb5\" data-element_type=\"widget\" data-e-type=\"widget\" data-settings=\"{&quot;_animation&quot;:&quot;fadeIn&quot;}\" data-widget_type=\"void-post-grid.default\">\n\t\t\t\t<div class=\"elementor-widget-container\">\n\t\t\t\t\t<div class=\"void-elementor-post-grid-wrapper\">            <div class=\"void-Container standard\">\n            <!-- turn on filter section if it's on in settings. this section needs extra markup -->\n                        <!-- only this div will show if there was no filter -->\n                <div class=\"void-row\">\n            \n<section class=\"no-results not-found\">\n\t<header class=\"page-header\">\n\t\t<h1 class=\"page-title\">Nothing Found<\/h1>\n\t<\/header><!-- .page-header -->\n\n\t<div class=\"page-content\">\n\t\t\n\t\t\t<p>It seems we can&rsquo;t find what you&rsquo;re looking for. Perhaps searching can help.<\/p>\n\t\t\t<div class=\"widget widget_search\">\n\t\t\t\t<form role=\"search\" method=\"get\" class=\"search-form\" action=\"https:\/\/conexoesamazonicas.org\/en\/\" data-trp-original-action=\"https:\/\/conexoesamazonicas.org\/en\/\">\n\t\t\t\t<label>\n\t\t\t\t\t<span class=\"screen-reader-text\">Search for:<\/span>\n\t\t\t\t\t<input type=\"search\" class=\"search-field\" placeholder=\"Search &hellip;\" value=\"\" name=\"s\" \/>\n\t\t\t\t<\/label>\n\t\t\t\t<input type=\"submit\" class=\"search-submit\" value=\"Search\" \/>\n\t\t\t<input type=\"hidden\" name=\"trp-form-language\" value=\"en\"\/><\/form>\t\t\t<\/div>\n\t\t\t<\/div><!-- .page-content -->\n<\/section><!-- .no-results -->\n                \n            <\/div>\n            \n            <\/div>\t\t\t\t<\/div>\n\t\t\t\t<\/div>\n\t\t\t\t\t<\/div>\n\t\t<\/div>\n\t\t\t\t\t<\/div>\n\t\t<\/section>\n\t\t\t\t<section class=\"elementor-section elementor-top-section elementor-element elementor-element-96b097e elementor-section-boxed elementor-section-height-default elementor-section-height-default\" data-id=\"96b097e\" data-element_type=\"section\" data-e-type=\"section\">\n\t\t\t\t\t\t<div class=\"elementor-container elementor-column-gap-default\">\n\t\t\t\t\t<div class=\"elementor-column elementor-col-100 elementor-top-column elementor-element elementor-element-a6a40f9\" data-id=\"a6a40f9\" data-element_type=\"column\" data-e-type=\"column\">\n\t\t\t<div class=\"elementor-widget-wrap\">\n\t\t\t\t\t\t\t<\/div>\n\t\t<\/div>\n\t\t\t\t\t<\/div>\n\t\t<\/section>\n\t\t\t\t<\/div>","protected":false},"excerpt":{"rendered":"<p>Bases de dados Nesta p\u00e1gina s\u00e3o disponibilizados os links de diversas bases de dados desenvolvidas pelos pesquisadores(as) da rede Conex\u00f5es Amaz\u00f4nicas. Descarga de sedimentos suspensos simulados para rios da Am\u00e9rica do Sul para 1992-2009 maio 13, 2021 maio 28, 2021 [&hellip;]<\/p>\n","protected":false},"author":1,"featured_media":0,"parent":0,"menu_order":0,"comment_status":"closed","ping_status":"closed","template":"elementor_header_footer","meta":{"footnotes":""},"class_list":["post-1167","page","type-page","status-publish","hentry"],"aioseo_notices":[],"_links":{"self":[{"href":"https:\/\/conexoesamazonicas.org\/en\/wp-json\/wp\/v2\/pages\/1167","targetHints":{"allow":["GET"]}}],"collection":[{"href":"https:\/\/conexoesamazonicas.org\/en\/wp-json\/wp\/v2\/pages"}],"about":[{"href":"https:\/\/conexoesamazonicas.org\/en\/wp-json\/wp\/v2\/types\/page"}],"author":[{"embeddable":true,"href":"https:\/\/conexoesamazonicas.org\/en\/wp-json\/wp\/v2\/users\/1"}],"replies":[{"embeddable":true,"href":"https:\/\/conexoesamazonicas.org\/en\/wp-json\/wp\/v2\/comments?post=1167"}],"version-history":[{"count":60,"href":"https:\/\/conexoesamazonicas.org\/en\/wp-json\/wp\/v2\/pages\/1167\/revisions"}],"predecessor-version":[{"id":7665,"href":"https:\/\/conexoesamazonicas.org\/en\/wp-json\/wp\/v2\/pages\/1167\/revisions\/7665"}],"wp:attachment":[{"href":"https:\/\/conexoesamazonicas.org\/en\/wp-json\/wp\/v2\/media?parent=1167"}],"curies":[{"name":"wp","href":"https:\/\/api.w.org\/{rel}","templated":true}]}}