{"id":384,"date":"2020-12-08T21:54:08","date_gmt":"2020-12-09T00:54:08","guid":{"rendered":"https:\/\/www.ufrgs.br\/conexoesamazonicas\/?page_id=384"},"modified":"2024-06-19T19:03:42","modified_gmt":"2024-06-19T19:03:42","slug":"blog-antigo","status":"publish","type":"page","link":"https:\/\/conexoesamazonicas.org\/en\/blog-antigo\/","title":{"rendered":"Divulga\u00e7\u00e3o cient\u00edfica antigo"},"content":{"rendered":"<div data-elementor-type=\"wp-page\" data-elementor-id=\"384\" class=\"elementor elementor-384\">\n\t\t\t\t\t\t<section class=\"elementor-section elementor-top-section elementor-element elementor-element-1809ff7 elementor-section-stretched elementor-section-content-middle elementor-section-boxed elementor-section-height-default elementor-section-height-default\" data-id=\"1809ff7\" data-element_type=\"section\" data-e-type=\"section\" data-settings=\"{&quot;background_background&quot;:&quot;classic&quot;,&quot;stretch_section&quot;:&quot;section-stretched&quot;}\">\n\t\t\t\t\t\t<div class=\"elementor-container elementor-column-gap-default\">\n\t\t\t\t\t<div class=\"elementor-column elementor-col-100 elementor-top-column elementor-element elementor-element-7dcdcf0\" data-id=\"7dcdcf0\" data-element_type=\"column\" data-e-type=\"column\">\n\t\t\t<div class=\"elementor-widget-wrap elementor-element-populated\">\n\t\t\t\t\t\t<div class=\"elementor-element elementor-element-9009730 elementor-widget__width-initial elementor-widget elementor-widget-text-editor\" data-id=\"9009730\" data-element_type=\"widget\" data-e-type=\"widget\" data-widget_type=\"text-editor.default\">\n\t\t\t\t<div class=\"elementor-widget-container\">\n\t\t\t\t\t\t\t\t\t<p style=\"text-align: center;\">Esta p\u00e1gina cont\u00e9m todas as publica\u00e7\u00f5es da Rede Conex\u00f5es Amaz\u00f4nicas. De 2020 a 2022, as publica\u00e7\u00f5es s\u00e3o no formato de Blog e, a partir de 2023, no formato de <span style=\"text-decoration: underline;\"><strong><a href=\"https:\/\/conexoesamazonicas.org\/en\/revista\/\">Revista.<\/a><\/strong><\/span><\/p>\t\t\t\t\t\t\t\t<\/div>\n\t\t\t\t<\/div>\n\t\t\t\t<div class=\"elementor-element elementor-element-b7de285 elementor-widget elementor-widget-spacer\" data-id=\"b7de285\" data-element_type=\"widget\" data-e-type=\"widget\" data-widget_type=\"spacer.default\">\n\t\t\t\t<div class=\"elementor-widget-container\">\n\t\t\t\t\t\t\t<div class=\"elementor-spacer\">\n\t\t\t<div class=\"elementor-spacer-inner\"><\/div>\n\t\t<\/div>\n\t\t\t\t\t\t<\/div>\n\t\t\t\t<\/div>\n\t\t\t\t\t<\/div>\n\t\t<\/div>\n\t\t\t\t\t<\/div>\n\t\t<\/section>\n\t\t\t\t<\/div>","protected":false},"excerpt":{"rendered":"<p>Esta p\u00e1gina cont\u00e9m todas as publica\u00e7\u00f5es da Rede Conex\u00f5es Amaz\u00f4nicas. De 2020 a 2022, as publica\u00e7\u00f5es s\u00e3o no formato de Blog e, a partir de 2023, no formato de Revista. Categorias TODOS Bioci\u00eancias Clima Desenvolvimento Rural Gen\u00e9tica Geoci\u00eancias Hist\u00f3ria Jornalismo [&hellip;]<\/p>\n","protected":false},"author":1,"featured_media":0,"parent":0,"menu_order":0,"comment_status":"closed","ping_status":"closed","template":"","meta":{"footnotes":""},"class_list":["post-384","page","type-page","status-publish","hentry"],"aioseo_notices":[],"_links":{"self":[{"href":"https:\/\/conexoesamazonicas.org\/en\/wp-json\/wp\/v2\/pages\/384","targetHints":{"allow":["GET"]}}],"collection":[{"href":"https:\/\/conexoesamazonicas.org\/en\/wp-json\/wp\/v2\/pages"}],"about":[{"href":"https:\/\/conexoesamazonicas.org\/en\/wp-json\/wp\/v2\/types\/page"}],"author":[{"embeddable":true,"href":"https:\/\/conexoesamazonicas.org\/en\/wp-json\/wp\/v2\/users\/1"}],"replies":[{"embeddable":true,"href":"https:\/\/conexoesamazonicas.org\/en\/wp-json\/wp\/v2\/comments?post=384"}],"version-history":[{"count":230,"href":"https:\/\/conexoesamazonicas.org\/en\/wp-json\/wp\/v2\/pages\/384\/revisions"}],"predecessor-version":[{"id":13256,"href":"https:\/\/conexoesamazonicas.org\/en\/wp-json\/wp\/v2\/pages\/384\/revisions\/13256"}],"wp:attachment":[{"href":"https:\/\/conexoesamazonicas.org\/en\/wp-json\/wp\/v2\/media?parent=384"}],"curies":[{"name":"wp","href":"https:\/\/api.w.org\/{rel}","templated":true}]}}