{"id":3898,"date":"2021-07-08T19:52:38","date_gmt":"2021-07-08T19:52:38","guid":{"rendered":"https:\/\/conexoesamazonicas.org\/?page_id=3898"},"modified":"2023-02-27T01:20:25","modified_gmt":"2023-02-27T01:20:25","slug":"amazonia-interdisciplinar-2021","status":"publish","type":"page","link":"https:\/\/conexoesamazonicas.org\/en\/amazonia-interdisciplinar-2021\/","title":{"rendered":"Amaz\u00f4nia Interdisciplinar (2021)"},"content":{"rendered":"<div data-elementor-type=\"wp-page\" data-elementor-id=\"3898\" class=\"elementor elementor-3898\">\n\t\t\t\t\t\t<section class=\"elementor-section elementor-top-section elementor-element elementor-element-12f0086f elementor-section-boxed elementor-section-height-default elementor-section-height-default\" data-id=\"12f0086f\" data-element_type=\"section\" data-e-type=\"section\">\n\t\t\t\t\t\t<div class=\"elementor-container elementor-column-gap-default\">\n\t\t\t\t\t<div class=\"elementor-column elementor-col-100 elementor-top-column elementor-element elementor-element-4ce583ba\" data-id=\"4ce583ba\" data-element_type=\"column\" data-e-type=\"column\">\n\t\t\t<div class=\"elementor-widget-wrap elementor-element-populated\">\n\t\t\t\t\t\t<div class=\"elementor-element elementor-element-e4f9c72 elementor-widget elementor-widget-spacer\" data-id=\"e4f9c72\" data-element_type=\"widget\" data-e-type=\"widget\" data-widget_type=\"spacer.default\">\n\t\t\t\t<div class=\"elementor-widget-container\">\n\t\t\t\t\t\t\t<div class=\"elementor-spacer\">\n\t\t\t<div class=\"elementor-spacer-inner\"><\/div>\n\t\t<\/div>\n\t\t\t\t\t\t<\/div>\n\t\t\t\t<\/div>\n\t\t\t\t<div class=\"elementor-element elementor-element-2ad0e92 elementor-widget elementor-widget-heading\" data-id=\"2ad0e92\" data-element_type=\"widget\" data-e-type=\"widget\" data-widget_type=\"heading.default\">\n\t\t\t\t<div class=\"elementor-widget-container\">\n\t\t\t\t\t<h2 class=\"elementor-heading-title elementor-size-xl\">Amaz\u00f4nia Interdisciplinar - 2021<\/h2>\t\t\t\t<\/div>\n\t\t\t\t<\/div>\n\t\t\t\t<div class=\"elementor-element elementor-element-f788325 elementor-widget elementor-widget-text-editor\" data-id=\"f788325\" data-element_type=\"widget\" data-e-type=\"widget\" data-widget_type=\"text-editor.default\">\n\t\t\t\t<div class=\"elementor-widget-container\">\n\t\t\t\t\t\t\t\t\t<p><!-- \/wp:paragraph --><!-- wp:paragraph {\"align\":\"center\",\"fontSize\":\"medium\"} --><\/p>\n<p style=\"text-align: left;\">O evento\u00a0<strong>Amaz\u00f4nia Interdisciplinar | Ciclo de Palestras Online 2021 <\/strong>foi um espa\u00e7o de divulga\u00e7\u00e3o, di\u00e1logo e reflex\u00e3o entre pesquisadores(as) da Rede Conex\u00f5es Amaz\u00f4nicas, pesquisadores(as) convidados(as), comunidade acad\u00eamica e sociedade em geral acerca da tem\u00e1tica amaz\u00f4nica. <strong>Evento gratuito <\/strong>estruturado em tr\u00eas pain\u00e9is abordando diversas tem\u00e1ticas. Assista abaixo!<\/p>\t\t\t\t\t\t\t\t<\/div>\n\t\t\t\t<\/div>\n\t\t\t\t<div class=\"elementor-element elementor-element-95f2b37 elementor-widget elementor-widget-text-editor\" data-id=\"95f2b37\" data-element_type=\"widget\" data-e-type=\"widget\" data-widget_type=\"text-editor.default\">\n\t\t\t\t<div class=\"elementor-widget-container\">\n\t\t\t\t\t\t\t\t\t<h4>Painel 1 &#8211; Mudan\u00e7as clim\u00e1ticas<\/h4>\n<p><span style=\"color: #808080;\">16 de setembro 2021<\/span><\/p>\t\t\t\t\t\t\t\t<\/div>\n\t\t\t\t<\/div>\n\t\t\t\t<div class=\"elementor-element elementor-element-c6dea56 elementor-widget elementor-widget-video\" data-id=\"c6dea56\" data-element_type=\"widget\" data-e-type=\"widget\" data-settings=\"{&quot;youtube_url&quot;:&quot;https:\\\/\\\/www.youtube.com\\\/watch?v=m2kVA87gCME&amp;t=9s&quot;,&quot;video_type&quot;:&quot;youtube&quot;,&quot;controls&quot;:&quot;yes&quot;}\" data-widget_type=\"video.default\">\n\t\t\t\t<div class=\"elementor-widget-container\">\n\t\t\t\t\t\t\t<div class=\"elementor-wrapper elementor-open-inline\">\n\t\t\t<div class=\"elementor-video\"><\/div>\t\t<\/div>\n\t\t\t\t\t\t<\/div>\n\t\t\t\t<\/div>\n\t\t\t\t<div class=\"elementor-element elementor-element-1be93bf elementor-widget elementor-widget-text-editor\" data-id=\"1be93bf\" data-element_type=\"widget\" data-e-type=\"widget\" data-widget_type=\"text-editor.default\">\n\t\t\t\t<div class=\"elementor-widget-container\">\n\t\t\t\t\t\t\t\t\t<p>Palestra 1: &#8220;Mudan\u00e7as Clim\u00e1ticas e impactos na Amaz\u00f4nia&#8221; por Filipe Lindau (UFRGS)<\/p>\n<p>Palestra 2: \u201cComo as mudan\u00e7as clim\u00e1ticas v\u00eam afetando as \u00e1rvores na Amaz\u00f4nia?\u201d por Kauane Bordin (UFRGS)<\/p>\n<p>Palestra 3: \u201cVariabilidade clim\u00e1tica na Amaz\u00f4nia e seu impacto nos recursos h\u00eddricos\u201d, por Sly Wongchuig (UFRGS)<\/p>\n<p>Palestra 4: \u201cA natureza se move e a gente se move junto: mudan\u00e7as clim\u00e1ticas e comunidades ribeirinhas da Amaz\u00f4nia\u201d, por J\u00falia Menin (UFRGS)<\/p>\n<p>Media\u00e7\u00e3o: Arielli F. Machado (UFAM)<\/p>\t\t\t\t\t\t\t\t<\/div>\n\t\t\t\t<\/div>\n\t\t\t\t<div class=\"elementor-element elementor-element-105d229 elementor-widget-divider--view-line elementor-widget elementor-widget-divider\" data-id=\"105d229\" data-element_type=\"widget\" data-e-type=\"widget\" data-widget_type=\"divider.default\">\n\t\t\t\t<div class=\"elementor-widget-container\">\n\t\t\t\t\t\t\t<div class=\"elementor-divider\">\n\t\t\t<span class=\"elementor-divider-separator\">\n\t\t\t\t\t\t<\/span>\n\t\t<\/div>\n\t\t\t\t\t\t<\/div>\n\t\t\t\t<\/div>\n\t\t\t\t<div class=\"elementor-element elementor-element-2b29f69 elementor-widget elementor-widget-text-editor\" data-id=\"2b29f69\" data-element_type=\"widget\" data-e-type=\"widget\" data-widget_type=\"text-editor.default\">\n\t\t\t\t<div class=\"elementor-widget-container\">\n\t\t\t\t\t\t\t\t\t<h4 class=\"style-scope ytd-watch-metadata\">Painel 2 &#8211; Barragens e impactos socioambientais<\/h4>\n<p><span style=\"color: #808080;\">14 de outubro 2021<\/span><\/p>\t\t\t\t\t\t\t\t<\/div>\n\t\t\t\t<\/div>\n\t\t\t\t<div class=\"elementor-element elementor-element-333f1f3 elementor-widget elementor-widget-video\" data-id=\"333f1f3\" data-element_type=\"widget\" data-e-type=\"widget\" data-settings=\"{&quot;youtube_url&quot;:&quot;https:\\\/\\\/www.youtube.com\\\/watch?v=A0xGjUS0TEw&amp;ab_channel=Conex%C3%B5esAmaz%C3%B4nicas&quot;,&quot;video_type&quot;:&quot;youtube&quot;,&quot;controls&quot;:&quot;yes&quot;}\" data-widget_type=\"video.default\">\n\t\t\t\t<div class=\"elementor-widget-container\">\n\t\t\t\t\t\t\t<div class=\"elementor-wrapper elementor-open-inline\">\n\t\t\t<div class=\"elementor-video\"><\/div>\t\t<\/div>\n\t\t\t\t\t\t<\/div>\n\t\t\t\t<\/div>\n\t\t\t\t<div class=\"elementor-element elementor-element-256b579 elementor-widget elementor-widget-text-editor\" data-id=\"256b579\" data-element_type=\"widget\" data-e-type=\"widget\" data-widget_type=\"text-editor.default\">\n\t\t\t\t<div class=\"elementor-widget-container\">\n\t\t\t\t\t\t\t\t\t<p>Palestra 1: \u201cPassado, presente e futuro das barragens da bacia amaz\u00f4nica: uma vis\u00e3o da hidrologia\u201d, por Ayan Fleischmann (UFRGS)<\/p>\n<p>Palestra 2: \u201cImpactos socioecol\u00f3gicos das barragens da Amaz\u00f4nia\u201d por Renato Silvano (UNICAMP)<\/p>\n<p>Palestra 3: &#8220;Lutas e resist\u00eancias sociais&#8221; por S\u00e9rgio Corr\u00eaa (UEPA)<\/p>\n<p>Media\u00e7\u00e3o: Maycom Nascimento (UFRGS)<\/p>\t\t\t\t\t\t\t\t<\/div>\n\t\t\t\t<\/div>\n\t\t\t\t<div class=\"elementor-element elementor-element-c6b043d elementor-widget-divider--view-line elementor-widget elementor-widget-divider\" data-id=\"c6b043d\" data-element_type=\"widget\" data-e-type=\"widget\" data-widget_type=\"divider.default\">\n\t\t\t\t<div class=\"elementor-widget-container\">\n\t\t\t\t\t\t\t<div class=\"elementor-divider\">\n\t\t\t<span class=\"elementor-divider-separator\">\n\t\t\t\t\t\t<\/span>\n\t\t<\/div>\n\t\t\t\t\t\t<\/div>\n\t\t\t\t<\/div>\n\t\t\t\t<div class=\"elementor-element elementor-element-37002f5 elementor-widget elementor-widget-text-editor\" data-id=\"37002f5\" data-element_type=\"widget\" data-e-type=\"widget\" data-widget_type=\"text-editor.default\">\n\t\t\t\t<div class=\"elementor-widget-container\">\n\t\t\t\t\t\t\t\t\t<h4 class=\"style-scope ytd-watch-metadata\">Painel 3 &#8211; Impactos antr\u00f3picos contados pelos peixes<\/h4>\n<p><span style=\"color: #808080;\">24 de novembro de 2021<\/span><\/p>\t\t\t\t\t\t\t\t<\/div>\n\t\t\t\t<\/div>\n\t\t\t\t<div class=\"elementor-element elementor-element-dc60278 elementor-widget elementor-widget-video\" data-id=\"dc60278\" data-element_type=\"widget\" data-e-type=\"widget\" data-settings=\"{&quot;youtube_url&quot;:&quot;https:\\\/\\\/www.youtube.com\\\/watch?v=R9XwTiH7Aiw&quot;,&quot;video_type&quot;:&quot;youtube&quot;,&quot;controls&quot;:&quot;yes&quot;}\" data-widget_type=\"video.default\">\n\t\t\t\t<div class=\"elementor-widget-container\">\n\t\t\t\t\t\t\t<div class=\"elementor-wrapper elementor-open-inline\">\n\t\t\t<div class=\"elementor-video\"><\/div>\t\t<\/div>\n\t\t\t\t\t\t<\/div>\n\t\t\t\t<\/div>\n\t\t\t\t<div class=\"elementor-element elementor-element-370f84e elementor-widget elementor-widget-text-editor\" data-id=\"370f84e\" data-element_type=\"widget\" data-e-type=\"widget\" data-widget_type=\"text-editor.default\">\n\t\t\t\t<div class=\"elementor-widget-container\">\n\t\t\t\t\t\t\t\t\t<p>Palestra 1: \u201cPescadores de ornamentais no Xingu e o impacto de Belo Monte\u201d, por Leandro Sousa (UFPA)<\/p>\n<p>Palestra 2: \u201cUtiliza\u00e7\u00e3o de recursos pesqueiros\u201d, por Gustavo Hallwass (UFOPA)<\/p>\n<p>Palestra 3: \u201cContamina\u00e7\u00e3o de pescado\u201d, por Juliana Araujo (UFPA)<\/p>\n<p>Palestra 4: &#8220;Peixes e minera\u00e7\u00e3o artesanal&#8221;, por Julio Araujo (WFU-CINCIA)<\/p>\n<p>Media\u00e7\u00e3o: J\u00fanior Chuctaya (UFRGS)<\/p>\t\t\t\t\t\t\t\t<\/div>\n\t\t\t\t<\/div>\n\t\t\t\t<div class=\"elementor-element elementor-element-f316421 elementor-widget-divider--view-line elementor-widget elementor-widget-divider\" data-id=\"f316421\" data-element_type=\"widget\" data-e-type=\"widget\" data-widget_type=\"divider.default\">\n\t\t\t\t<div class=\"elementor-widget-container\">\n\t\t\t\t\t\t\t<div class=\"elementor-divider\">\n\t\t\t<span class=\"elementor-divider-separator\">\n\t\t\t\t\t\t<\/span>\n\t\t<\/div>\n\t\t\t\t\t\t<\/div>\n\t\t\t\t<\/div>\n\t\t\t\t<div class=\"elementor-element elementor-element-9e12804 elementor-widget elementor-widget-spacer\" data-id=\"9e12804\" data-element_type=\"widget\" data-e-type=\"widget\" data-widget_type=\"spacer.default\">\n\t\t\t\t<div class=\"elementor-widget-container\">\n\t\t\t\t\t\t\t<div class=\"elementor-spacer\">\n\t\t\t<div class=\"elementor-spacer-inner\"><\/div>\n\t\t<\/div>\n\t\t\t\t\t\t<\/div>\n\t\t\t\t<\/div>\n\t\t\t\t<div class=\"elementor-element elementor-element-a5322fb elementor-widget elementor-widget-text-editor\" data-id=\"a5322fb\" data-element_type=\"widget\" data-e-type=\"widget\" data-widget_type=\"text-editor.default\">\n\t\t\t\t<div class=\"elementor-widget-container\">\n\t\t\t\t\t\t\t\t\t<p style=\"text-align: center;\"><strong>Voc\u00ea tamb\u00e9m pode assistir diretamente\u00a0pelo canal da Rede Conex\u00f5es Amaz\u00f4nicas no YouTube.<\/strong><\/p>\t\t\t\t\t\t\t\t<\/div>\n\t\t\t\t<\/div>\n\t\t\t\t<div class=\"elementor-element elementor-element-0b54043 elementor-align-center elementor-widget elementor-widget-button\" data-id=\"0b54043\" data-element_type=\"widget\" data-e-type=\"widget\" data-widget_type=\"button.default\">\n\t\t\t\t<div class=\"elementor-widget-container\">\n\t\t\t\t\t\t\t\t\t<div class=\"elementor-button-wrapper\">\n\t\t\t\t\t<a class=\"elementor-button elementor-button-link elementor-size-lg\" href=\"https:\/\/www.youtube.com\/@ConexoesAmazonicas\/streams\">\n\t\t\t\t\t\t<span class=\"elementor-button-content-wrapper\">\n\t\t\t\t\t\t\t\t\t<span class=\"elementor-button-text\"> Clique aqui para assistir<\/span>\n\t\t\t\t\t<\/span>\n\t\t\t\t\t<\/a>\n\t\t\t\t<\/div>\n\t\t\t\t\t\t\t\t<\/div>\n\t\t\t\t<\/div>\n\t\t\t\t<div class=\"elementor-element elementor-element-b4dbd09 elementor-widget elementor-widget-spacer\" data-id=\"b4dbd09\" data-element_type=\"widget\" data-e-type=\"widget\" data-widget_type=\"spacer.default\">\n\t\t\t\t<div class=\"elementor-widget-container\">\n\t\t\t\t\t\t\t<div class=\"elementor-spacer\">\n\t\t\t<div class=\"elementor-spacer-inner\"><\/div>\n\t\t<\/div>\n\t\t\t\t\t\t<\/div>\n\t\t\t\t<\/div>\n\t\t\t\t<div class=\"elementor-element elementor-element-d6f65e8 elementor-widget elementor-widget-image\" data-id=\"d6f65e8\" data-element_type=\"widget\" data-e-type=\"widget\" data-widget_type=\"image.default\">\n\t\t\t\t<div class=\"elementor-widget-container\">\n\t\t\t\t\t\t\t\t\t\t\t\t\t\t\t<img fetchpriority=\"high\" decoding=\"async\" width=\"768\" height=\"1086\" src=\"https:\/\/conexoesamazonicas.org\/wp-content\/uploads\/2021\/10\/Cartaz-Evento-site-3-768x1086.png\" class=\"attachment-medium_large size-medium_large wp-image-5030\" alt=\"\" srcset=\"https:\/\/conexoesamazonicas.org\/wp-content\/uploads\/2021\/10\/Cartaz-Evento-site-3-768x1086.png 768w, https:\/\/conexoesamazonicas.org\/wp-content\/uploads\/2021\/10\/Cartaz-Evento-site-3-212x300.png 212w, https:\/\/conexoesamazonicas.org\/wp-content\/uploads\/2021\/10\/Cartaz-Evento-site-3-724x1024.png 724w, https:\/\/conexoesamazonicas.org\/wp-content\/uploads\/2021\/10\/Cartaz-Evento-site-3-1086x1536.png 1086w, https:\/\/conexoesamazonicas.org\/wp-content\/uploads\/2021\/10\/Cartaz-Evento-site-3-1448x2048.png 1448w, https:\/\/conexoesamazonicas.org\/wp-content\/uploads\/2021\/10\/Cartaz-Evento-site-3-8x12.png 8w, https:\/\/conexoesamazonicas.org\/wp-content\/uploads\/2021\/10\/Cartaz-Evento-site-3-830x1174.png 830w, https:\/\/conexoesamazonicas.org\/wp-content\/uploads\/2021\/10\/Cartaz-Evento-site-3-230x325.png 230w, https:\/\/conexoesamazonicas.org\/wp-content\/uploads\/2021\/10\/Cartaz-Evento-site-3-350x495.png 350w, https:\/\/conexoesamazonicas.org\/wp-content\/uploads\/2021\/10\/Cartaz-Evento-site-3-480x679.png 480w, https:\/\/conexoesamazonicas.org\/wp-content\/uploads\/2021\/10\/Cartaz-Evento-site-3-25x36.png 25w, https:\/\/conexoesamazonicas.org\/wp-content\/uploads\/2021\/10\/Cartaz-Evento-site-3-34x48.png 34w, https:\/\/conexoesamazonicas.org\/wp-content\/uploads\/2021\/10\/Cartaz-Evento-site-3.png 1587w\" sizes=\"(max-width: 768px) 100vw, 768px\" \/>\t\t\t\t\t\t\t\t\t\t\t\t\t\t\t<\/div>\n\t\t\t\t<\/div>\n\t\t\t\t<div class=\"elementor-element elementor-element-47d91d4 elementor-widget elementor-widget-spacer\" data-id=\"47d91d4\" data-element_type=\"widget\" data-e-type=\"widget\" data-widget_type=\"spacer.default\">\n\t\t\t\t<div class=\"elementor-widget-container\">\n\t\t\t\t\t\t\t<div class=\"elementor-spacer\">\n\t\t\t<div class=\"elementor-spacer-inner\"><\/div>\n\t\t<\/div>\n\t\t\t\t\t\t<\/div>\n\t\t\t\t<\/div>\n\t\t\t\t<div class=\"elementor-element elementor-element-54a38a0 elementor-widget elementor-widget-text-editor\" data-id=\"54a38a0\" data-element_type=\"widget\" data-e-type=\"widget\" data-widget_type=\"text-editor.default\">\n\t\t\t\t<div class=\"elementor-widget-container\">\n\t\t\t\t\t\t\t\t\t<h4><strong>Equipe de trabalho<\/strong><\/h4>\n<p>Andr\u00e9 Luiz Netto Ferreira\u00a0<\/p>\n<p>Adriano Premebida<\/p>\n<p><!-- \/wp:paragraph --><!-- wp:paragraph --><\/p>\n<p><!-- \/wp:paragraph --><!-- wp:paragraph --><\/p>\n<p>Arielli Fabr\u00edcio Machado<\/p>\n<p><!-- \/wp:paragraph --><!-- wp:paragraph --><\/p>\n<p>Ayan Santos Fleischmann<\/p>\n<p><!-- \/wp:paragraph --><!-- wp:paragraph --><\/p>\n<p>Bianca Darski Silva<\/p>\n<p><!-- \/wp:paragraph --><!-- wp:paragraph --><\/p>\n<p>Elo\u00edsa Beling Loose<\/p>\n<p><!-- \/wp:paragraph --><!-- wp:paragraph --><\/p>\n<p>Felipe Gaudie Ley Lindau<\/p>\n<p>Ilza Maria Tourinho Girardi<\/p>\n<p>J\u00falia Menin<\/p>\n<p>J\u00fanior Chuctaya<\/p>\n<p>Maycom Douglas Ferreira do Nascimento<\/p>\n<p>Paula Evelyn Rubira Pereyra<\/p>\n<p>Rafael Souza Reis<\/p>\n<p>Renato Azevedo Matias Silvano<\/p>\n<p>Rodrigo Cauduro Dias de Paiva<\/p>\t\t\t\t\t\t\t\t<\/div>\n\t\t\t\t<\/div>\n\t\t\t\t\t<\/div>\n\t\t<\/div>\n\t\t\t\t\t<\/div>\n\t\t<\/section>\n\t\t\t\t<\/div>","protected":false},"excerpt":{"rendered":"<p>Amaz\u00f4nia Interdisciplinar &#8211; 2021 O evento\u00a0Amaz\u00f4nia Interdisciplinar | Ciclo de Palestras Online 2021 foi um espa\u00e7o de divulga\u00e7\u00e3o, di\u00e1logo e reflex\u00e3o entre pesquisadores(as) da Rede Conex\u00f5es Amaz\u00f4nicas, pesquisadores(as) convidados(as), comunidade acad\u00eamica e sociedade em geral acerca da tem\u00e1tica amaz\u00f4nica. Evento [&hellip;]<\/p>\n","protected":false},"author":1,"featured_media":4397,"parent":0,"menu_order":0,"comment_status":"closed","ping_status":"closed","template":"","meta":{"footnotes":""},"class_list":["post-3898","page","type-page","status-publish","has-post-thumbnail","hentry"],"aioseo_notices":[],"_links":{"self":[{"href":"https:\/\/conexoesamazonicas.org\/en\/wp-json\/wp\/v2\/pages\/3898","targetHints":{"allow":["GET"]}}],"collection":[{"href":"https:\/\/conexoesamazonicas.org\/en\/wp-json\/wp\/v2\/pages"}],"about":[{"href":"https:\/\/conexoesamazonicas.org\/en\/wp-json\/wp\/v2\/types\/page"}],"author":[{"embeddable":true,"href":"https:\/\/conexoesamazonicas.org\/en\/wp-json\/wp\/v2\/users\/1"}],"replies":[{"embeddable":true,"href":"https:\/\/conexoesamazonicas.org\/en\/wp-json\/wp\/v2\/comments?post=3898"}],"version-history":[{"count":111,"href":"https:\/\/conexoesamazonicas.org\/en\/wp-json\/wp\/v2\/pages\/3898\/revisions"}],"predecessor-version":[{"id":9265,"href":"https:\/\/conexoesamazonicas.org\/en\/wp-json\/wp\/v2\/pages\/3898\/revisions\/9265"}],"wp:featuredmedia":[{"embeddable":true,"href":"https:\/\/conexoesamazonicas.org\/en\/wp-json\/wp\/v2\/media\/4397"}],"wp:attachment":[{"href":"https:\/\/conexoesamazonicas.org\/en\/wp-json\/wp\/v2\/media?parent=3898"}],"curies":[{"name":"wp","href":"https:\/\/api.w.org\/{rel}","templated":true}]}}