{"id":62,"date":"2020-11-28T14:14:01","date_gmt":"2020-11-28T17:14:01","guid":{"rendered":"https:\/\/www.ufrgs.br\/conexoesamazonicas\/?page_id=62"},"modified":"2023-07-09T17:54:33","modified_gmt":"2023-07-09T17:54:33","slug":"conexoes-amazonicas-2019","status":"publish","type":"page","link":"https:\/\/conexoesamazonicas.org\/en\/conexoes-amazonicas-2019\/","title":{"rendered":"Conex\u00f5es Amaz\u00f4nicas &#8211; UFRGS (2019)"},"content":{"rendered":"<div data-elementor-type=\"wp-page\" data-elementor-id=\"62\" class=\"elementor elementor-62\">\n\t\t\t\t\t\t<section class=\"elementor-section elementor-top-section elementor-element elementor-element-59ef19dd elementor-section-boxed elementor-section-height-default elementor-section-height-default\" data-id=\"59ef19dd\" data-element_type=\"section\" data-e-type=\"section\">\n\t\t\t\t\t\t<div class=\"elementor-container elementor-column-gap-default\">\n\t\t\t\t\t<div class=\"elementor-column elementor-col-100 elementor-top-column elementor-element elementor-element-187ca662\" data-id=\"187ca662\" data-element_type=\"column\" data-e-type=\"column\">\n\t\t\t<div class=\"elementor-widget-wrap elementor-element-populated\">\n\t\t\t\t\t\t<div class=\"elementor-element elementor-element-f7a45d2 elementor-widget elementor-widget-spacer\" data-id=\"f7a45d2\" data-element_type=\"widget\" data-e-type=\"widget\" data-widget_type=\"spacer.default\">\n\t\t\t\t<div class=\"elementor-widget-container\">\n\t\t\t\t\t\t\t<div class=\"elementor-spacer\">\n\t\t\t<div class=\"elementor-spacer-inner\"><\/div>\n\t\t<\/div>\n\t\t\t\t\t\t<\/div>\n\t\t\t\t<\/div>\n\t\t\t\t<div class=\"elementor-element elementor-element-42fd29d elementor-widget elementor-widget-heading\" data-id=\"42fd29d\" data-element_type=\"widget\" data-e-type=\"widget\" data-widget_type=\"heading.default\">\n\t\t\t\t<div class=\"elementor-widget-container\">\n\t\t\t\t\t<h2 class=\"elementor-heading-title elementor-size-xl\">Conex\u00f5es Amaz\u00f4nicas - UFRGS 2019<\/h2>\t\t\t\t<\/div>\n\t\t\t\t<\/div>\n\t\t\t\t<div class=\"elementor-element elementor-element-d91ff64 elementor-widget elementor-widget-spacer\" data-id=\"d91ff64\" data-element_type=\"widget\" data-e-type=\"widget\" data-widget_type=\"spacer.default\">\n\t\t\t\t<div class=\"elementor-widget-container\">\n\t\t\t\t\t\t\t<div class=\"elementor-spacer\">\n\t\t\t<div class=\"elementor-spacer-inner\"><\/div>\n\t\t<\/div>\n\t\t\t\t\t\t<\/div>\n\t\t\t\t<\/div>\n\t\t\t\t<div class=\"elementor-element elementor-element-9cf6863 elementor-widget elementor-widget-eael-sticky-video\" data-id=\"9cf6863\" data-element_type=\"widget\" data-e-type=\"widget\" data-widget_type=\"eael-sticky-video.default\">\n\t\t\t\t<div class=\"elementor-widget-container\">\n\t\t\t\t\t<div class=\"eael-sticky-video-wrapper eaelsv-overlay-visibility-transparent\"><div class=\"eael-sticky-video-player2\" data-sticky=\"\" data-position=\"\" data-sheight=\"169\" data-swidth=\"300\" data-scroll_height=\"\" data-autoplay=\"yes\" data-overlay=\"no\"><div\n\t\t\tid=\"eaelsv-player-9cf6863\"\n\t\t\tdata-plyr-provider=\"youtube\"\n\t\t\tdata-plyr-embed-id=\"gM7gnLWoAj0\"\n\t\t\tdata-plyr-config=\"{&quot;storage&quot;: {&quot;enabled&quot;: false, &quot;key&quot;: &quot;plyr&quot;}, &quot;autoplay&quot;:1, &quot;muted&quot;:1, &quot;volume&quot;:0, &quot;loop&quot;: {&quot;active&quot;: true}}\"\n\t\t><\/div>\n\t\t\t\t<span class=\"eaelsv-sticky-player-close\"><i class=\"fas fa-times-circle\"><\/i><\/span>\n\t\t\t<\/div>\n\t\t<\/div>\t\t\t\t<\/div>\n\t\t\t\t<\/div>\n\t\t\t\t<div class=\"elementor-element elementor-element-4bdd0f7 elementor-widget elementor-widget-text-editor\" data-id=\"4bdd0f7\" data-element_type=\"widget\" data-e-type=\"widget\" data-widget_type=\"text-editor.default\">\n\t\t\t\t<div class=\"elementor-widget-container\">\n\t\t\t\t\t\t\t\t\t<p class=\"style-scope ytd-watch-metadata\">Reportagem UFRGS TV | Conex\u00f5es Amaz\u00f4nicas &#8211; Acontece na UFRGS<\/p>\n<p><span style=\"color: #808080;\">21 de novembro de 2019<\/span><\/p>\t\t\t\t\t\t\t\t<\/div>\n\t\t\t\t<\/div>\n\t\t\t\t<div class=\"elementor-element elementor-element-1f8c0a0 elementor-widget elementor-widget-spacer\" data-id=\"1f8c0a0\" data-element_type=\"widget\" data-e-type=\"widget\" data-widget_type=\"spacer.default\">\n\t\t\t\t<div class=\"elementor-widget-container\">\n\t\t\t\t\t\t\t<div class=\"elementor-spacer\">\n\t\t\t<div class=\"elementor-spacer-inner\"><\/div>\n\t\t<\/div>\n\t\t\t\t\t\t<\/div>\n\t\t\t\t<\/div>\n\t\t\t\t<div class=\"elementor-element elementor-element-ec88c08 elementor-widget elementor-widget-heading\" data-id=\"ec88c08\" data-element_type=\"widget\" data-e-type=\"widget\" data-widget_type=\"heading.default\">\n\t\t\t\t<div class=\"elementor-widget-container\">\n\t\t\t\t\t<h2 class=\"elementor-heading-title elementor-size-default\">O evento<\/h2>\t\t\t\t<\/div>\n\t\t\t\t<\/div>\n\t\t\t\t<div class=\"elementor-element elementor-element-710c19c elementor-widget elementor-widget-text-editor\" data-id=\"710c19c\" data-element_type=\"widget\" data-e-type=\"widget\" data-widget_type=\"text-editor.default\">\n\t\t\t\t<div class=\"elementor-widget-container\">\n\t\t\t\t\t\t\t\t\t<p>The <strong>Conex\u00f5es Amaz\u00f4nicas \u2013 UFRGS <\/strong>foi um evento de populariza\u00e7\u00e3o da ci\u00eancia, interdisciplinar, de um dia de dura\u00e7\u00e3o, gratuito e aberto a toda a comunidade (interna e externa \u00e0 UFRGS &#8211; Universidade Federal do Rio Grande do Sul).<\/p>\n<p>O evento foi organizado por pesquisadores(as) da UFRGS de diferentes \u00e1reas de atua\u00e7\u00e3o na ci\u00eancia. A proposta foi um encontro com apresenta\u00e7\u00f5es sobre pesquisas desenvolvidas na UFRGS com enfoque na Amaz\u00f4nia nos mais diversos campos do conhecimento, como sociologia, recursos h\u00eddricos, ecologia, zoologia, gen\u00e9tica, jornalismo, direito, qu\u00edmica e glaciologia.<\/p>\n<p>Com o\u00a0<strong>Conex\u00f5es Amaz\u00f4nicas \u2013 UFRGS<\/strong> 2019, tivemos dois objetivos centrais:<\/p>\n<ol>\n<li>Divulgar os trabalhos cient\u00edficos que s\u00e3o ou foram feitos recentemente na UFRGS com foco na Amaz\u00f4nia, e que podem auxiliar no desenvolvimento sustent\u00e1vel da mesma;<\/li>\n<li>Dar oportunidade de colabora\u00e7\u00e3o entre pesquisadores(as), al\u00e9m de estimular o interesse de novos(as) pesquisadores(as) na tem\u00e1tica da Amaz\u00f4nia.<\/li>\n<\/ol>\t\t\t\t\t\t\t\t<\/div>\n\t\t\t\t<\/div>\n\t\t\t\t<div class=\"elementor-element elementor-element-6f4fd4b elementor-widget elementor-widget-image\" data-id=\"6f4fd4b\" data-element_type=\"widget\" data-e-type=\"widget\" data-widget_type=\"image.default\">\n\t\t\t\t<div class=\"elementor-widget-container\">\n\t\t\t\t\t\t\t\t\t\t\t\t\t\t\t<img fetchpriority=\"high\" decoding=\"async\" width=\"768\" height=\"1086\" src=\"https:\/\/conexoesamazonicas.org\/wp-content\/uploads\/2020\/11\/Cartaz-A4-768x1086.png\" class=\"attachment-medium_large size-medium_large wp-image-68\" alt=\"\" srcset=\"https:\/\/conexoesamazonicas.org\/wp-content\/uploads\/2020\/11\/Cartaz-A4-768x1086.png 768w, https:\/\/conexoesamazonicas.org\/wp-content\/uploads\/2020\/11\/Cartaz-A4-212x300.png 212w, https:\/\/conexoesamazonicas.org\/wp-content\/uploads\/2020\/11\/Cartaz-A4-724x1024.png 724w, https:\/\/conexoesamazonicas.org\/wp-content\/uploads\/2020\/11\/Cartaz-A4-1086x1536.png 1086w, https:\/\/conexoesamazonicas.org\/wp-content\/uploads\/2020\/11\/Cartaz-A4-1448x2048.png 1448w, https:\/\/conexoesamazonicas.org\/wp-content\/uploads\/2020\/11\/Cartaz-A4-1568x2217.png 1568w, https:\/\/conexoesamazonicas.org\/wp-content\/uploads\/2020\/11\/Cartaz-A4.png 1654w\" sizes=\"(max-width: 768px) 100vw, 768px\" \/>\t\t\t\t\t\t\t\t\t\t\t\t\t\t\t<\/div>\n\t\t\t\t<\/div>\n\t\t\t\t<div class=\"elementor-element elementor-element-9aef5d1 elementor-widget elementor-widget-spacer\" data-id=\"9aef5d1\" data-element_type=\"widget\" data-e-type=\"widget\" data-widget_type=\"spacer.default\">\n\t\t\t\t<div class=\"elementor-widget-container\">\n\t\t\t\t\t\t\t<div class=\"elementor-spacer\">\n\t\t\t<div class=\"elementor-spacer-inner\"><\/div>\n\t\t<\/div>\n\t\t\t\t\t\t<\/div>\n\t\t\t\t<\/div>\n\t\t\t\t<section class=\"elementor-section elementor-inner-section elementor-element elementor-element-c193344 elementor-section-boxed elementor-section-height-default elementor-section-height-default\" data-id=\"c193344\" data-element_type=\"section\" data-e-type=\"section\" data-settings=\"{&quot;background_background&quot;:&quot;classic&quot;}\">\n\t\t\t\t\t\t<div class=\"elementor-container elementor-column-gap-default\">\n\t\t\t\t\t<div class=\"elementor-column elementor-col-50 elementor-inner-column elementor-element elementor-element-bfcccfd\" data-id=\"bfcccfd\" data-element_type=\"column\" data-e-type=\"column\">\n\t\t\t<div class=\"elementor-widget-wrap elementor-element-populated\">\n\t\t\t\t\t\t<div class=\"elementor-element elementor-element-9eec64a elementor-widget elementor-widget-text-editor\" data-id=\"9eec64a\" data-element_type=\"widget\" data-e-type=\"widget\" data-widget_type=\"text-editor.default\">\n\t\t\t\t<div class=\"elementor-widget-container\">\n\t\t\t\t\t\t\t\t\t<p class=\"translation-block\"><strong>Venue:<\/strong> Audit\u00f3rio Poente do Pr\u00e9dio Centen\u00e1rio da Escola de Engenharia, no Campus Centro (Lota\u00e7\u00e3o: 110 pessoas)<\/p>\n<p><!-- \/wp:paragraph --><!-- wp:paragraph --><\/p>\n<p class=\"translation-block\"><strong>Date: 13\/11\/2019 das 9h \u00e0s 18h<\/p>\t\t\t\t\t\t\t\t<\/div>\n\t\t\t\t<\/div>\n\t\t\t\t\t<\/div>\n\t\t<\/div>\n\t\t\t\t<div class=\"elementor-column elementor-col-50 elementor-inner-column elementor-element elementor-element-994735b\" data-id=\"994735b\" data-element_type=\"column\" data-e-type=\"column\">\n\t\t\t<div class=\"elementor-widget-wrap elementor-element-populated\">\n\t\t\t\t\t\t<div class=\"elementor-element elementor-element-e7ae927 elementor-widget elementor-widget-google_maps\" data-id=\"e7ae927\" data-element_type=\"widget\" data-e-type=\"widget\" data-widget_type=\"google_maps.default\">\n\t\t\t\t<div class=\"elementor-widget-container\">\n\t\t\t\t\t\t\t<div class=\"elementor-custom-embed\">\n\t\t\t<iframe loading=\"lazy\"\n\t\t\t\t\tsrc=\"https:\/\/maps.google.com\/maps?q=Pr%C3%A9dio%20Centen%C3%A1rio%20-%20Escola%20de%20Engenharia%20UFRGS&#038;t=m&#038;z=10&#038;output=embed&#038;iwloc=near\"\n\t\t\t\t\ttitle=\"Pr\u00e9dio Centen\u00e1rio - Escola de Engenharia UFRGS\"\n\t\t\t\t\taria-label=\"Pr\u00e9dio Centen\u00e1rio - Escola de Engenharia UFRGS\"\n\t\t\t><\/iframe>\n\t\t<\/div>\n\t\t\t\t\t\t<\/div>\n\t\t\t\t<\/div>\n\t\t\t\t\t<\/div>\n\t\t<\/div>\n\t\t\t\t\t<\/div>\n\t\t<\/section>\n\t\t\t\t<div class=\"elementor-element elementor-element-6f62202 elementor-widget elementor-widget-spacer\" data-id=\"6f62202\" data-element_type=\"widget\" data-e-type=\"widget\" data-widget_type=\"spacer.default\">\n\t\t\t\t<div class=\"elementor-widget-container\">\n\t\t\t\t\t\t\t<div class=\"elementor-spacer\">\n\t\t\t<div class=\"elementor-spacer-inner\"><\/div>\n\t\t<\/div>\n\t\t\t\t\t\t<\/div>\n\t\t\t\t<\/div>\n\t\t\t\t<div class=\"elementor-element elementor-element-895cff2 elementor-widget elementor-widget-text-editor\" data-id=\"895cff2\" data-element_type=\"widget\" data-e-type=\"widget\" data-widget_type=\"text-editor.default\">\n\t\t\t\t<div class=\"elementor-widget-container\">\n\t\t\t\t\t\t\t\t\t<p><!-- \/wp:paragraph --><!-- wp:paragraph --><\/p>\n<h4><strong>Links \u00fateis<\/strong><\/h4>\n<ul>\n<li><span style=\"text-decoration: underline;\"><strong><a href=\"https:\/\/doity.com.br\/conexoes-amazonicas#about\" target=\"_blank\" rel=\"noopener\">Programa\u00e7\u00e3o do evento<\/a>\u00a0<\/strong><\/span><\/li>\n<li><!-- \/wp:paragraph --><!-- wp:paragraph --><strong><a href=\"https:\/\/www.facebook.com\/events\/742128839545216\/\" target=\"_blank\" rel=\"noopener\"><span style=\"text-decoration: underline;\">Evento no Facebook<\/span><\/a><\/strong><!-- \/wp:paragraph --><!-- wp:paragraph --><\/li>\n<\/ul>\n<p><!-- \/wp:paragraph --><!-- wp:paragraph --><\/p>\n<h4>\u00a0<\/h4>\n<h4><strong>Equipe de trabalho<\/strong><\/h4>\n<p><!-- \/wp:paragraph --><!-- wp:paragraph --><\/p>\n<p>Adriano Premebida \u2013 Grupo de Pesquisa Tecnologia, Meio Ambiente e Sociedade (TEMAS\/UFRGS)<\/p>\n<p><!-- \/wp:paragraph --><!-- wp:paragraph --><\/p>\n<p>Aline Radaelli \u2013 Grupo de Pesquisa Tecnologia, Meio Ambiente e Sociedade (TEMAS\/UFRGS)<\/p>\n<p><!-- \/wp:paragraph --><!-- wp:paragraph --><\/p>\n<p>Arielli Machado \u2013 PPG Ecologia\/UFRGS<\/p>\n<p><!-- \/wp:paragraph --><!-- wp:paragraph --><\/p>\n<p>Ayan Fleischmann \u2013 Grupo de Pesquisa em Hidrologia de Grande Escala (HGE\/IPH\/UFRGS)<\/p>\n<p><!-- \/wp:paragraph --><!-- wp:paragraph --><\/p>\n<p>Bianca Darski \u2013 PPG Ecologia\/UFRGS<\/p>\n<p><!-- \/wp:paragraph --><!-- wp:paragraph --><\/p>\n<p>Camila da Silva Flores \u2013 Graduanda Biologia\/UFRGS<\/p>\n<p><!-- \/wp:paragraph --><!-- wp:paragraph --><\/p>\n<p>Elo\u00edsa Beling Loose \u2013 Grupo de Pesquisa em Jornalismo Ambiental (GPJA\/UFRGS)<\/p>\n<p><!-- \/wp:paragraph --><!-- wp:paragraph --><\/p>\n<p>Ilza Girardi \u2013 Grupo de Pesquisa em Jornalismo Ambiental (GPJA\/UFRGS)<\/p>\n<p><!-- \/wp:paragraph --><!-- wp:paragraph --><\/p>\n<p>Ra\u00edssa de Deus Genro \u2013 Jornalista\/Laborat\u00f3rio de Ecologia Quantitativa\/UFRGS<\/p>\n<p><!-- \/wp:paragraph --><!-- wp:paragraph --><\/p>\n<p>Rodrigo Paiva \u2013 Grupo de Pesquisa em Hidrologia de Grande Escala (HGE\/IPH\/UFRGS)<\/p>\n<p><!-- \/wp:paragraph --><!-- wp:paragraph --><\/p>\t\t\t\t\t\t\t\t<\/div>\n\t\t\t\t<\/div>\n\t\t\t\t\t<\/div>\n\t\t<\/div>\n\t\t\t\t\t<\/div>\n\t\t<\/section>\n\t\t\t\t<\/div>","protected":false},"excerpt":{"rendered":"<p>Conex\u00f5es Amaz\u00f4nicas &#8211; UFRGS 2019 Reportagem UFRGS TV | Conex\u00f5es Amaz\u00f4nicas &#8211; Acontece na UFRGS 21 de novembro de 2019 O evento O Conex\u00f5es Amaz\u00f4nicas \u2013 UFRGS foi um evento de populariza\u00e7\u00e3o da ci\u00eancia, interdisciplinar, de um dia de dura\u00e7\u00e3o, [&hellip;]<\/p>\n","protected":false},"author":1,"featured_media":0,"parent":0,"menu_order":0,"comment_status":"closed","ping_status":"closed","template":"elementor_header_footer","meta":{"footnotes":""},"class_list":["post-62","page","type-page","status-publish","hentry"],"aioseo_notices":[],"_links":{"self":[{"href":"https:\/\/conexoesamazonicas.org\/en\/wp-json\/wp\/v2\/pages\/62","targetHints":{"allow":["GET"]}}],"collection":[{"href":"https:\/\/conexoesamazonicas.org\/en\/wp-json\/wp\/v2\/pages"}],"about":[{"href":"https:\/\/conexoesamazonicas.org\/en\/wp-json\/wp\/v2\/types\/page"}],"author":[{"embeddable":true,"href":"https:\/\/conexoesamazonicas.org\/en\/wp-json\/wp\/v2\/users\/1"}],"replies":[{"embeddable":true,"href":"https:\/\/conexoesamazonicas.org\/en\/wp-json\/wp\/v2\/comments?post=62"}],"version-history":[{"count":63,"href":"https:\/\/conexoesamazonicas.org\/en\/wp-json\/wp\/v2\/pages\/62\/revisions"}],"predecessor-version":[{"id":10351,"href":"https:\/\/conexoesamazonicas.org\/en\/wp-json\/wp\/v2\/pages\/62\/revisions\/10351"}],"wp:attachment":[{"href":"https:\/\/conexoesamazonicas.org\/en\/wp-json\/wp\/v2\/media?parent=62"}],"curies":[{"name":"wp","href":"https:\/\/api.w.org\/{rel}","templated":true}]}}