{"id":80,"date":"2020-11-28T17:10:54","date_gmt":"2020-11-28T17:10:54","guid":{"rendered":"https:\/\/www.ufrgs.br\/conexoesamazonicas\/?page_id=80"},"modified":"2023-04-02T23:25:00","modified_gmt":"2023-04-02T23:25:00","slug":"na-midia","status":"publish","type":"page","link":"https:\/\/conexoesamazonicas.org\/en\/na-midia\/","title":{"rendered":"Na M\u00eddia"},"content":{"rendered":"<div data-elementor-type=\"wp-page\" data-elementor-id=\"80\" class=\"elementor elementor-80\">\n\t\t\t\t\t\t<section class=\"elementor-section elementor-top-section elementor-element elementor-element-3bb1cfef elementor-section-boxed elementor-section-height-default elementor-section-height-default\" data-id=\"3bb1cfef\" data-element_type=\"section\" data-e-type=\"section\">\n\t\t\t\t\t\t<div class=\"elementor-container elementor-column-gap-default\">\n\t\t\t\t\t<div class=\"elementor-column elementor-col-100 elementor-top-column elementor-element elementor-element-752b183\" data-id=\"752b183\" data-element_type=\"column\" data-e-type=\"column\">\n\t\t\t<div class=\"elementor-widget-wrap elementor-element-populated\">\n\t\t\t\t\t\t<div class=\"elementor-element elementor-element-773fbda elementor-widget elementor-widget-spacer\" data-id=\"773fbda\" data-element_type=\"widget\" data-e-type=\"widget\" data-widget_type=\"spacer.default\">\n\t\t\t\t<div class=\"elementor-widget-container\">\n\t\t\t\t\t\t\t<div class=\"elementor-spacer\">\n\t\t\t<div class=\"elementor-spacer-inner\"><\/div>\n\t\t<\/div>\n\t\t\t\t\t\t<\/div>\n\t\t\t\t<\/div>\n\t\t\t\t<div class=\"elementor-element elementor-element-54aa9a8 elementor-widget elementor-widget-heading\" data-id=\"54aa9a8\" data-element_type=\"widget\" data-e-type=\"widget\" data-widget_type=\"heading.default\">\n\t\t\t\t<div class=\"elementor-widget-container\">\n\t\t\t\t\t<h1 class=\"elementor-heading-title elementor-size-default\">Conex\u00f5es Amaz\u00f4nicas na M\u00eddia<\/h1>\t\t\t\t<\/div>\n\t\t\t\t<\/div>\n\t\t\t\t<div class=\"elementor-element elementor-element-d863c44 elementor-widget elementor-widget-spacer\" data-id=\"d863c44\" data-element_type=\"widget\" data-e-type=\"widget\" data-widget_type=\"spacer.default\">\n\t\t\t\t<div class=\"elementor-widget-container\">\n\t\t\t\t\t\t\t<div class=\"elementor-spacer\">\n\t\t\t<div class=\"elementor-spacer-inner\"><\/div>\n\t\t<\/div>\n\t\t\t\t\t\t<\/div>\n\t\t\t\t<\/div>\n\t\t\t\t<section class=\"elementor-section elementor-inner-section elementor-element elementor-element-2916fbb elementor-section-boxed elementor-section-height-default elementor-section-height-default\" data-id=\"2916fbb\" data-element_type=\"section\" data-e-type=\"section\">\n\t\t\t\t\t\t<div class=\"elementor-container elementor-column-gap-default\">\n\t\t\t\t\t<div class=\"elementor-column elementor-col-50 elementor-inner-column elementor-element elementor-element-0626b20\" data-id=\"0626b20\" data-element_type=\"column\" data-e-type=\"column\">\n\t\t\t<div class=\"elementor-widget-wrap elementor-element-populated\">\n\t\t\t\t\t\t<div class=\"elementor-element elementor-element-802b7ed elementor-widget elementor-widget-image\" data-id=\"802b7ed\" data-element_type=\"widget\" data-e-type=\"widget\" data-widget_type=\"image.default\">\n\t\t\t\t<div class=\"elementor-widget-container\">\n\t\t\t\t\t\t\t\t\t\t\t\t\t\t\t<img decoding=\"async\" width=\"150\" height=\"150\" src=\"https:\/\/conexoesamazonicas.org\/wp-content\/uploads\/2023\/04\/capa_mcti-e1680477106276-150x150.png\" class=\"attachment-thumbnail size-thumbnail wp-image-9718\" alt=\"\" srcset=\"https:\/\/conexoesamazonicas.org\/wp-content\/uploads\/2023\/04\/capa_mcti-e1680477106276-150x150.png 150w, https:\/\/conexoesamazonicas.org\/wp-content\/uploads\/2023\/04\/capa_mcti-e1680477106276-300x300.png 300w, https:\/\/conexoesamazonicas.org\/wp-content\/uploads\/2023\/04\/capa_mcti-e1680477106276-12x12.png 12w, https:\/\/conexoesamazonicas.org\/wp-content\/uploads\/2023\/04\/capa_mcti-e1680477106276-230x230.png 230w, https:\/\/conexoesamazonicas.org\/wp-content\/uploads\/2023\/04\/capa_mcti-e1680477106276-350x350.png 350w, https:\/\/conexoesamazonicas.org\/wp-content\/uploads\/2023\/04\/capa_mcti-e1680477106276-36x36.png 36w, https:\/\/conexoesamazonicas.org\/wp-content\/uploads\/2023\/04\/capa_mcti-e1680477106276-48x48.png 48w, https:\/\/conexoesamazonicas.org\/wp-content\/uploads\/2023\/04\/capa_mcti-e1680477106276.png 437w\" sizes=\"(max-width: 150px) 100vw, 150px\" \/>\t\t\t\t\t\t\t\t\t\t\t\t\t\t\t<\/div>\n\t\t\t\t<\/div>\n\t\t\t\t\t<\/div>\n\t\t<\/div>\n\t\t\t\t<div class=\"elementor-column elementor-col-50 elementor-inner-column elementor-element elementor-element-3ba3ebf\" data-id=\"3ba3ebf\" data-element_type=\"column\" data-e-type=\"column\">\n\t\t\t<div class=\"elementor-widget-wrap elementor-element-populated\">\n\t\t\t\t\t\t<div class=\"elementor-element elementor-element-0afc2bd elementor-widget elementor-widget-text-editor\" data-id=\"0afc2bd\" data-element_type=\"widget\" data-e-type=\"widget\" data-widget_type=\"text-editor.default\">\n\t\t\t\t<div class=\"elementor-widget-container\">\n\t\t\t\t\t\t\t\t\t<p><strong><span style=\"color: #808080;\">Minist\u00e9rio da Ci\u00eancia, Tecnologia e Inova\u00e7\u00e3o &#8211; 14 de mar\u00e7o de 2023<\/span><\/strong><\/p>\t\t\t\t\t\t\t\t<\/div>\n\t\t\t\t<\/div>\n\t\t\t\t<div class=\"elementor-element elementor-element-7b44885 elementor-widget elementor-widget-text-editor\" data-id=\"7b44885\" data-element_type=\"widget\" data-e-type=\"widget\" data-widget_type=\"text-editor.default\">\n\t\t\t\t<div class=\"elementor-widget-container\">\n\t\t\t\t\t\t\t\t\t<p><span style=\"color: #333333;\"><strong><a style=\"color: #333333;\" href=\"https:\/\/www.gov.br\/mcti\/pt-br\/acompanhe-o-mcti\/noticias\/2023\/03\/pesquisadores-do-mamiraua-criam-quadrinhos-para-levar-ciencia-para-as-criancas\" target=\"_blank\" rel=\"noopener\">Pesquisadores do Mamirau\u00e1 criam quadrinhos para levar ci\u00eancia para as crian\u00e7as<\/a><\/strong><\/span><\/p>\t\t\t\t\t\t\t\t<\/div>\n\t\t\t\t<\/div>\n\t\t\t\t\t<\/div>\n\t\t<\/div>\n\t\t\t\t\t<\/div>\n\t\t<\/section>\n\t\t\t\t<div class=\"elementor-element elementor-element-5d4b993 elementor-widget elementor-widget-spacer\" data-id=\"5d4b993\" data-element_type=\"widget\" data-e-type=\"widget\" data-widget_type=\"spacer.default\">\n\t\t\t\t<div class=\"elementor-widget-container\">\n\t\t\t\t\t\t\t<div class=\"elementor-spacer\">\n\t\t\t<div class=\"elementor-spacer-inner\"><\/div>\n\t\t<\/div>\n\t\t\t\t\t\t<\/div>\n\t\t\t\t<\/div>\n\t\t\t\t<section class=\"elementor-section elementor-inner-section elementor-element elementor-element-a750ae0 elementor-section-boxed elementor-section-height-default elementor-section-height-default\" data-id=\"a750ae0\" data-element_type=\"section\" data-e-type=\"section\">\n\t\t\t\t\t\t<div class=\"elementor-container elementor-column-gap-default\">\n\t\t\t\t\t<div class=\"elementor-column elementor-col-50 elementor-inner-column elementor-element elementor-element-fea16d6\" data-id=\"fea16d6\" data-element_type=\"column\" data-e-type=\"column\">\n\t\t\t<div class=\"elementor-widget-wrap elementor-element-populated\">\n\t\t\t\t\t\t<div class=\"elementor-element elementor-element-940e9b9 elementor-widget elementor-widget-image\" data-id=\"940e9b9\" data-element_type=\"widget\" data-e-type=\"widget\" data-widget_type=\"image.default\">\n\t\t\t\t<div class=\"elementor-widget-container\">\n\t\t\t\t\t\t\t\t\t\t\t\t\t\t\t<img decoding=\"async\" width=\"150\" height=\"150\" src=\"https:\/\/conexoesamazonicas.org\/wp-content\/uploads\/2023\/04\/capa_idsm3mar23-e1680477714354-150x150.png\" class=\"attachment-thumbnail size-thumbnail wp-image-9727\" alt=\"\" srcset=\"https:\/\/conexoesamazonicas.org\/wp-content\/uploads\/2023\/04\/capa_idsm3mar23-e1680477714354-150x150.png 150w, https:\/\/conexoesamazonicas.org\/wp-content\/uploads\/2023\/04\/capa_idsm3mar23-e1680477714354-300x300.png 300w, https:\/\/conexoesamazonicas.org\/wp-content\/uploads\/2023\/04\/capa_idsm3mar23-e1680477714354-12x12.png 12w, https:\/\/conexoesamazonicas.org\/wp-content\/uploads\/2023\/04\/capa_idsm3mar23-e1680477714354-230x230.png 230w, https:\/\/conexoesamazonicas.org\/wp-content\/uploads\/2023\/04\/capa_idsm3mar23-e1680477714354-350x350.png 350w, https:\/\/conexoesamazonicas.org\/wp-content\/uploads\/2023\/04\/capa_idsm3mar23-e1680477714354-36x36.png 36w, https:\/\/conexoesamazonicas.org\/wp-content\/uploads\/2023\/04\/capa_idsm3mar23-e1680477714354-48x48.png 48w, https:\/\/conexoesamazonicas.org\/wp-content\/uploads\/2023\/04\/capa_idsm3mar23-e1680477714354.png 442w\" sizes=\"(max-width: 150px) 100vw, 150px\" \/>\t\t\t\t\t\t\t\t\t\t\t\t\t\t\t<\/div>\n\t\t\t\t<\/div>\n\t\t\t\t\t<\/div>\n\t\t<\/div>\n\t\t\t\t<div class=\"elementor-column elementor-col-50 elementor-inner-column elementor-element elementor-element-5b253c6\" data-id=\"5b253c6\" data-element_type=\"column\" data-e-type=\"column\">\n\t\t\t<div class=\"elementor-widget-wrap elementor-element-populated\">\n\t\t\t\t\t\t<div class=\"elementor-element elementor-element-a30bb2d elementor-widget elementor-widget-text-editor\" data-id=\"a30bb2d\" data-element_type=\"widget\" data-e-type=\"widget\" data-widget_type=\"text-editor.default\">\n\t\t\t\t<div class=\"elementor-widget-container\">\n\t\t\t\t\t\t\t\t\t<p><strong><span style=\"color: #808080;\">Instituto Mamirau\u00e1 &#8211; 03 de mar\u00e7o de 2023<\/span><\/strong><\/p>\t\t\t\t\t\t\t\t<\/div>\n\t\t\t\t<\/div>\n\t\t\t\t<div class=\"elementor-element elementor-element-ad3c68a elementor-widget elementor-widget-text-editor\" data-id=\"ad3c68a\" data-element_type=\"widget\" data-e-type=\"widget\" data-widget_type=\"text-editor.default\">\n\t\t\t\t<div class=\"elementor-widget-container\">\n\t\t\t\t\t\t\t\t\t<p class=\"bigtitle azul bold\"><span style=\"color: #333333;\"><strong><a style=\"color: #333333;\" href=\"https:\/\/www.mamiraua.org.br\/noticias\/almanaque-tem-cientista-aqui\" target=\"_blank\" rel=\"noopener\">Pesquisadores do Mamirau\u00e1 lan\u00e7am almanaque in\u00e9dito \u201cTem Cientista Aqui\u201d<\/a><\/strong><\/span><\/p>\t\t\t\t\t\t\t\t<\/div>\n\t\t\t\t<\/div>\n\t\t\t\t\t<\/div>\n\t\t<\/div>\n\t\t\t\t\t<\/div>\n\t\t<\/section>\n\t\t\t\t<div class=\"elementor-element elementor-element-d4aac67 elementor-widget elementor-widget-spacer\" data-id=\"d4aac67\" data-element_type=\"widget\" data-e-type=\"widget\" data-widget_type=\"spacer.default\">\n\t\t\t\t<div class=\"elementor-widget-container\">\n\t\t\t\t\t\t\t<div class=\"elementor-spacer\">\n\t\t\t<div class=\"elementor-spacer-inner\"><\/div>\n\t\t<\/div>\n\t\t\t\t\t\t<\/div>\n\t\t\t\t<\/div>\n\t\t\t\t<section class=\"elementor-section elementor-inner-section elementor-element elementor-element-0f57cd7 elementor-section-boxed elementor-section-height-default elementor-section-height-default\" data-id=\"0f57cd7\" data-element_type=\"section\" data-e-type=\"section\">\n\t\t\t\t\t\t<div class=\"elementor-container elementor-column-gap-default\">\n\t\t\t\t\t<div class=\"elementor-column elementor-col-50 elementor-inner-column elementor-element elementor-element-f83d004\" data-id=\"f83d004\" data-element_type=\"column\" data-e-type=\"column\">\n\t\t\t<div class=\"elementor-widget-wrap elementor-element-populated\">\n\t\t\t\t\t\t<div class=\"elementor-element elementor-element-a1b1c4a elementor-widget elementor-widget-image\" data-id=\"a1b1c4a\" data-element_type=\"widget\" data-e-type=\"widget\" data-widget_type=\"image.default\">\n\t\t\t\t<div class=\"elementor-widget-container\">\n\t\t\t\t\t\t\t\t\t\t\t\t\t\t\t<img decoding=\"async\" width=\"150\" height=\"150\" src=\"https:\/\/conexoesamazonicas.org\/wp-content\/uploads\/2023\/02\/capa-idsm-noticia-e1676753982454-150x150.png\" class=\"attachment-thumbnail size-thumbnail wp-image-8989\" alt=\"\" srcset=\"https:\/\/conexoesamazonicas.org\/wp-content\/uploads\/2023\/02\/capa-idsm-noticia-e1676753982454-150x150.png 150w, https:\/\/conexoesamazonicas.org\/wp-content\/uploads\/2023\/02\/capa-idsm-noticia-e1676753982454-300x300.png 300w, https:\/\/conexoesamazonicas.org\/wp-content\/uploads\/2023\/02\/capa-idsm-noticia-e1676753982454-12x12.png 12w, https:\/\/conexoesamazonicas.org\/wp-content\/uploads\/2023\/02\/capa-idsm-noticia-e1676753982454-230x231.png 230w, https:\/\/conexoesamazonicas.org\/wp-content\/uploads\/2023\/02\/capa-idsm-noticia-e1676753982454-350x351.png 350w, https:\/\/conexoesamazonicas.org\/wp-content\/uploads\/2023\/02\/capa-idsm-noticia-e1676753982454-36x36.png 36w, https:\/\/conexoesamazonicas.org\/wp-content\/uploads\/2023\/02\/capa-idsm-noticia-e1676753982454-48x48.png 48w, https:\/\/conexoesamazonicas.org\/wp-content\/uploads\/2023\/02\/capa-idsm-noticia-e1676753982454.png 459w\" sizes=\"(max-width: 150px) 100vw, 150px\" \/>\t\t\t\t\t\t\t\t\t\t\t\t\t\t\t<\/div>\n\t\t\t\t<\/div>\n\t\t\t\t\t<\/div>\n\t\t<\/div>\n\t\t\t\t<div class=\"elementor-column elementor-col-50 elementor-inner-column elementor-element elementor-element-043098b\" data-id=\"043098b\" data-element_type=\"column\" data-e-type=\"column\">\n\t\t\t<div class=\"elementor-widget-wrap elementor-element-populated\">\n\t\t\t\t\t\t<div class=\"elementor-element elementor-element-fcf6aab elementor-widget elementor-widget-text-editor\" data-id=\"fcf6aab\" data-element_type=\"widget\" data-e-type=\"widget\" data-widget_type=\"text-editor.default\">\n\t\t\t\t<div class=\"elementor-widget-container\">\n\t\t\t\t\t\t\t\t\t<p><strong><span style=\"color: #808080;\">Instituto Mamirau\u00e1 &#8211; 30 de novembro de 2022<\/span><\/strong><\/p>\t\t\t\t\t\t\t\t<\/div>\n\t\t\t\t<\/div>\n\t\t\t\t<div class=\"elementor-element elementor-element-a33c9ab elementor-widget elementor-widget-text-editor\" data-id=\"a33c9ab\" data-element_type=\"widget\" data-e-type=\"widget\" data-widget_type=\"text-editor.default\">\n\t\t\t\t<div class=\"elementor-widget-container\">\n\t\t\t\t\t\t\t\t\t<p><span style=\"color: #000000;\"><strong><a style=\"color: #000000;\" href=\"https:\/\/www.mamiraua.org.br\/noticias\/oficina-educativa-tem-cientista-aqui-promove-o-contato-das-criancas-ribeirinhas-do-amazonas-com-a-ciencia\" target=\"_blank\" rel=\"noopener\">Oficina educativa \u201cTem cientista aqui\u201d promove o contato das crian\u00e7as ribeirinhas do Amazonas com a ci\u00eancia<\/a><\/strong><\/span><\/p>\t\t\t\t\t\t\t\t<\/div>\n\t\t\t\t<\/div>\n\t\t\t\t\t<\/div>\n\t\t<\/div>\n\t\t\t\t\t<\/div>\n\t\t<\/section>\n\t\t\t\t<div class=\"elementor-element elementor-element-8820463 elementor-widget elementor-widget-spacer\" data-id=\"8820463\" data-element_type=\"widget\" data-e-type=\"widget\" data-widget_type=\"spacer.default\">\n\t\t\t\t<div class=\"elementor-widget-container\">\n\t\t\t\t\t\t\t<div class=\"elementor-spacer\">\n\t\t\t<div class=\"elementor-spacer-inner\"><\/div>\n\t\t<\/div>\n\t\t\t\t\t\t<\/div>\n\t\t\t\t<\/div>\n\t\t\t\t<section class=\"elementor-section elementor-inner-section elementor-element elementor-element-f701561 elementor-section-boxed elementor-section-height-default elementor-section-height-default\" data-id=\"f701561\" data-element_type=\"section\" data-e-type=\"section\">\n\t\t\t\t\t\t<div class=\"elementor-container elementor-column-gap-default\">\n\t\t\t\t\t<div class=\"elementor-column elementor-col-50 elementor-inner-column elementor-element elementor-element-c23f138\" data-id=\"c23f138\" data-element_type=\"column\" data-e-type=\"column\">\n\t\t\t<div class=\"elementor-widget-wrap elementor-element-populated\">\n\t\t\t\t\t\t<div class=\"elementor-element elementor-element-05cd746 elementor-widget elementor-widget-image\" data-id=\"05cd746\" data-element_type=\"widget\" data-e-type=\"widget\" data-widget_type=\"image.default\">\n\t\t\t\t<div class=\"elementor-widget-container\">\n\t\t\t\t\t\t\t\t\t\t\t\t\t\t\t<img loading=\"lazy\" decoding=\"async\" width=\"150\" height=\"150\" src=\"https:\/\/conexoesamazonicas.org\/wp-content\/uploads\/2023\/02\/capa-JU-noticia2-1-150x150.png\" class=\"attachment-thumbnail size-thumbnail wp-image-8993\" alt=\"\" srcset=\"https:\/\/conexoesamazonicas.org\/wp-content\/uploads\/2023\/02\/capa-JU-noticia2-1-150x150.png 150w, https:\/\/conexoesamazonicas.org\/wp-content\/uploads\/2023\/02\/capa-JU-noticia2-1-300x300.png 300w, https:\/\/conexoesamazonicas.org\/wp-content\/uploads\/2023\/02\/capa-JU-noticia2-1-12x12.png 12w, https:\/\/conexoesamazonicas.org\/wp-content\/uploads\/2023\/02\/capa-JU-noticia2-1-230x230.png 230w, https:\/\/conexoesamazonicas.org\/wp-content\/uploads\/2023\/02\/capa-JU-noticia2-1-350x350.png 350w, https:\/\/conexoesamazonicas.org\/wp-content\/uploads\/2023\/02\/capa-JU-noticia2-1-36x36.png 36w, https:\/\/conexoesamazonicas.org\/wp-content\/uploads\/2023\/02\/capa-JU-noticia2-1-48x48.png 48w, https:\/\/conexoesamazonicas.org\/wp-content\/uploads\/2023\/02\/capa-JU-noticia2-1.png 415w\" sizes=\"(max-width: 150px) 100vw, 150px\" \/>\t\t\t\t\t\t\t\t\t\t\t\t\t\t\t<\/div>\n\t\t\t\t<\/div>\n\t\t\t\t\t<\/div>\n\t\t<\/div>\n\t\t\t\t<div class=\"elementor-column elementor-col-50 elementor-inner-column elementor-element elementor-element-eeac325\" data-id=\"eeac325\" data-element_type=\"column\" data-e-type=\"column\">\n\t\t\t<div class=\"elementor-widget-wrap elementor-element-populated\">\n\t\t\t\t\t\t<div class=\"elementor-element elementor-element-918ac6f elementor-widget elementor-widget-text-editor\" data-id=\"918ac6f\" data-element_type=\"widget\" data-e-type=\"widget\" data-widget_type=\"text-editor.default\">\n\t\t\t\t<div class=\"elementor-widget-container\">\n\t\t\t\t\t\t\t\t\t<p><span style=\"color: #808080;\"><strong>Jornal da Universidade (UFRGS) &#8211; 01 de julho de 2021<\/strong><\/span><\/p>\t\t\t\t\t\t\t\t<\/div>\n\t\t\t\t<\/div>\n\t\t\t\t<div class=\"elementor-element elementor-element-120cd4d elementor-widget__width-initial elementor-widget elementor-widget-text-editor\" data-id=\"120cd4d\" data-element_type=\"widget\" data-e-type=\"widget\" data-widget_type=\"text-editor.default\">\n\t\t\t\t<div class=\"elementor-widget-container\">\n\t\t\t\t\t\t\t\t\t<p class=\"loop-title entry-title\"><strong><a href=\"https:\/\/www.ufrgs.br\/jornal\/conectados-pela-amazonia\/\" target=\"_blank\" rel=\"noopener\">Conectados pela Amaz\u00f4nia<\/a><\/strong><\/p>\t\t\t\t\t\t\t\t<\/div>\n\t\t\t\t<\/div>\n\t\t\t\t\t<\/div>\n\t\t<\/div>\n\t\t\t\t\t<\/div>\n\t\t<\/section>\n\t\t\t\t<div class=\"elementor-element elementor-element-37014c0 elementor-widget elementor-widget-spacer\" data-id=\"37014c0\" data-element_type=\"widget\" data-e-type=\"widget\" data-widget_type=\"spacer.default\">\n\t\t\t\t<div class=\"elementor-widget-container\">\n\t\t\t\t\t\t\t<div class=\"elementor-spacer\">\n\t\t\t<div class=\"elementor-spacer-inner\"><\/div>\n\t\t<\/div>\n\t\t\t\t\t\t<\/div>\n\t\t\t\t<\/div>\n\t\t\t\t<section class=\"elementor-section elementor-inner-section elementor-element elementor-element-a37cbc3 elementor-section-boxed elementor-section-height-default elementor-section-height-default\" data-id=\"a37cbc3\" data-element_type=\"section\" data-e-type=\"section\">\n\t\t\t\t\t\t<div class=\"elementor-container elementor-column-gap-default\">\n\t\t\t\t\t<div class=\"elementor-column elementor-col-50 elementor-inner-column elementor-element elementor-element-b90c1f0\" data-id=\"b90c1f0\" data-element_type=\"column\" data-e-type=\"column\">\n\t\t\t<div class=\"elementor-widget-wrap elementor-element-populated\">\n\t\t\t\t\t\t<div class=\"elementor-element elementor-element-204b7c7 elementor-widget elementor-widget-image\" data-id=\"204b7c7\" data-element_type=\"widget\" data-e-type=\"widget\" data-widget_type=\"image.default\">\n\t\t\t\t<div class=\"elementor-widget-container\">\n\t\t\t\t\t\t\t\t\t\t\t\t\t\t\t<img loading=\"lazy\" decoding=\"async\" width=\"150\" height=\"150\" src=\"https:\/\/conexoesamazonicas.org\/wp-content\/uploads\/2023\/02\/capa-ufrgs-tv-e1676804261763-150x150.png\" class=\"attachment-thumbnail size-thumbnail wp-image-9127\" alt=\"\" srcset=\"https:\/\/conexoesamazonicas.org\/wp-content\/uploads\/2023\/02\/capa-ufrgs-tv-e1676804261763-150x150.png 150w, https:\/\/conexoesamazonicas.org\/wp-content\/uploads\/2023\/02\/capa-ufrgs-tv-e1676804261763-12x12.png 12w, https:\/\/conexoesamazonicas.org\/wp-content\/uploads\/2023\/02\/capa-ufrgs-tv-e1676804261763-36x36.png 36w, https:\/\/conexoesamazonicas.org\/wp-content\/uploads\/2023\/02\/capa-ufrgs-tv-e1676804261763-48x48.png 48w, https:\/\/conexoesamazonicas.org\/wp-content\/uploads\/2023\/02\/capa-ufrgs-tv-e1676804261763.png 190w\" sizes=\"(max-width: 150px) 100vw, 150px\" \/>\t\t\t\t\t\t\t\t\t\t\t\t\t\t\t<\/div>\n\t\t\t\t<\/div>\n\t\t\t\t\t<\/div>\n\t\t<\/div>\n\t\t\t\t<div class=\"elementor-column elementor-col-50 elementor-inner-column elementor-element elementor-element-f61f02d\" data-id=\"f61f02d\" data-element_type=\"column\" data-e-type=\"column\">\n\t\t\t<div class=\"elementor-widget-wrap elementor-element-populated\">\n\t\t\t\t\t\t<div class=\"elementor-element elementor-element-219ae5e elementor-widget elementor-widget-text-editor\" data-id=\"219ae5e\" data-element_type=\"widget\" data-e-type=\"widget\" data-widget_type=\"text-editor.default\">\n\t\t\t\t<div class=\"elementor-widget-container\">\n\t\t\t\t\t\t\t\t\t<p><span style=\"color: #808080;\"><strong>UFRGS TV &#8211; 21 de novembro de 2019<\/strong><\/span><\/p>\t\t\t\t\t\t\t\t<\/div>\n\t\t\t\t<\/div>\n\t\t\t\t<div class=\"elementor-element elementor-element-2f82b3f elementor-widget__width-initial elementor-widget elementor-widget-text-editor\" data-id=\"2f82b3f\" data-element_type=\"widget\" data-e-type=\"widget\" data-widget_type=\"text-editor.default\">\n\t\t\t\t<div class=\"elementor-widget-container\">\n\t\t\t\t\t\t\t\t\t<div id=\"title\" class=\"style-scope ytd-watch-metadata\"><p class=\"style-scope ytd-watch-metadata\"><strong><span style=\"color: #000000;\"><a style=\"color: #000000;\" href=\"https:\/\/www.youtube.com\/watch?v=gM7gnLWoAj0\" target=\"_blank\" rel=\"noopener\">Conex\u00f5es Amaz\u00f4nicas &#8211; Acontece na UFRGS<\/a><\/span><\/strong><\/p><\/div>\t\t\t\t\t\t\t\t<\/div>\n\t\t\t\t<\/div>\n\t\t\t\t\t<\/div>\n\t\t<\/div>\n\t\t\t\t\t<\/div>\n\t\t<\/section>\n\t\t\t\t<div class=\"elementor-element elementor-element-3284125 elementor-widget elementor-widget-spacer\" data-id=\"3284125\" data-element_type=\"widget\" data-e-type=\"widget\" data-widget_type=\"spacer.default\">\n\t\t\t\t<div class=\"elementor-widget-container\">\n\t\t\t\t\t\t\t<div class=\"elementor-spacer\">\n\t\t\t<div class=\"elementor-spacer-inner\"><\/div>\n\t\t<\/div>\n\t\t\t\t\t\t<\/div>\n\t\t\t\t<\/div>\n\t\t\t\t\t<\/div>\n\t\t<\/div>\n\t\t\t\t\t<\/div>\n\t\t<\/section>\n\t\t\t\t<\/div>","protected":false},"excerpt":{"rendered":"<p>Conex\u00f5es Amaz\u00f4nicas na M\u00eddia Minist\u00e9rio da Ci\u00eancia, Tecnologia e Inova\u00e7\u00e3o &#8211; 14 de mar\u00e7o de 2023 Pesquisadores do Mamirau\u00e1 criam quadrinhos para levar ci\u00eancia para as crian\u00e7as Instituto Mamirau\u00e1 &#8211; 03 de mar\u00e7o de 2023 Pesquisadores do Mamirau\u00e1 lan\u00e7am almanaque [&hellip;]<\/p>\n","protected":false},"author":1,"featured_media":0,"parent":0,"menu_order":0,"comment_status":"closed","ping_status":"closed","template":"elementor_header_footer","meta":{"footnotes":""},"class_list":["post-80","page","type-page","status-publish","hentry"],"aioseo_notices":[],"_links":{"self":[{"href":"https:\/\/conexoesamazonicas.org\/en\/wp-json\/wp\/v2\/pages\/80","targetHints":{"allow":["GET"]}}],"collection":[{"href":"https:\/\/conexoesamazonicas.org\/en\/wp-json\/wp\/v2\/pages"}],"about":[{"href":"https:\/\/conexoesamazonicas.org\/en\/wp-json\/wp\/v2\/types\/page"}],"author":[{"embeddable":true,"href":"https:\/\/conexoesamazonicas.org\/en\/wp-json\/wp\/v2\/users\/1"}],"replies":[{"embeddable":true,"href":"https:\/\/conexoesamazonicas.org\/en\/wp-json\/wp\/v2\/comments?post=80"}],"version-history":[{"count":72,"href":"https:\/\/conexoesamazonicas.org\/en\/wp-json\/wp\/v2\/pages\/80\/revisions"}],"predecessor-version":[{"id":9736,"href":"https:\/\/conexoesamazonicas.org\/en\/wp-json\/wp\/v2\/pages\/80\/revisions\/9736"}],"wp:attachment":[{"href":"https:\/\/conexoesamazonicas.org\/en\/wp-json\/wp\/v2\/media?parent=80"}],"curies":[{"name":"wp","href":"https:\/\/api.w.org\/{rel}","templated":true}]}}